{"id":3329,"date":"2019-02-17T12:54:52","date_gmt":"2019-02-17T11:54:52","guid":{"rendered":"https:\/\/www.lesnotairesunis.ch\/publicaciones\/"},"modified":"2025-08-15T10:55:01","modified_gmt":"2025-08-15T08:55:01","slug":"publicaciones","status":"publish","type":"page","link":"https:\/\/www.lesnotairesunis.ch\/es\/publicaciones\/","title":{"rendered":"Publicaciones"},"content":{"rendered":"<div class=\"wpb-content-wrapper\"><p>[vc_row][vc_column css=&#8221;.vc_custom_1551769316197{padding-top: 112px !important;}&#8221;][vc_row_inner][vc_column_inner][ct_heading text=&#8221;Les Notaires Unis ha elaborado varias publicaciones relativas a todos los \u00e1mbitos notariales&#8221; align_lg=&#8221;align-center&#8221; align_md=&#8221;align-center-md&#8221; align_sm=&#8221;align-center-sm&#8221; align_xs=&#8221;align-center-xs&#8221; font_size=&#8221;24&#8243; font_size_md=&#8221;24&#8243; font_size_sm=&#8221;20&#8243; font_size_xs=&#8221;20&#8243; font_weight=&#8221;400&#8243; text_color=&#8221;#1d2240&#8243; show_gap=&#8221;show&#8221; subtitle=&#8221;Publicaciones&#8221; subtitle_font_size=&#8221;16&#8243; description_font_weight=&#8221;inherit&#8221; margin_bottom=&#8221;0&#8243;][\/vc_column_inner][\/vc_row_inner][\/vc_column][\/vc_row][vc_row css=&#8221;.vc_custom_1551769324929{padding-top: 20px !important;padding-bottom: 118px !important;}&#8221;][vc_column width=&#8221;7\/12&#8243; css=&#8221;.vc_custom_1551769626819{padding-top: 60px !important;}&#8221; offset=&#8221;vc_col-lg-8 vc_col-md-8&#8243;][vc_tta_accordion active_section=&#8221;20&#8243;][vc_tta_section title=&#8221;Derecho de sociedades&#8221; tab_id=&#8221;1550819026187-970c9ce8-968d&#8221;][vc_column_text]<span class=\"s1\">BOYER D\/RUBIDO J-M\/ VALINCIUTE FAIVRE V, <i>Bon de participation et de jouissance : questions choisies en mati\u00e8re commerciale<\/i><b><i><br \/>\n<\/i><\/b><\/span><span class=\"s1\" style=\"color: #9f8d77;\"><span class=\"texteChamois\">in : REPRAX 2019, p.132-160<\/span><\/span>[\/vc_column_text][\/vc_tta_section][vc_tta_section title=&#8221;Derecho fiscal&#8221; tab_id=&#8221;1550819037277-7bd3cff1-2ee8&#8243;][vc_column_text]<\/p>\n<div id=\"1527533031974-a020220e-5fdd\" class=\"vc_tta-panel vc_active\" data-vc-content=\".vc_tta-panel-body\">\n<div class=\"vc_tta-panel-body\">\n<div class=\"wpb_text_column wpb_content_element \">\n<div class=\"wpb_wrapper\">\n<p>BOYER D<b>, <\/b><i>La fiscalit\u00e9 des donations et des successions en Suisse<\/i><b><i><br \/>\n<\/i><\/b><span style=\"color: #9f8d77;\">in\u00a0: de Foy G, Navez E. (dir), La fiscalit\u00e9 des successions et des donations internationales, Th\u00e9orie g\u00e9n\u00e9rale et applications en droit compar\u00e9, Bruylant, 2<span class=\"s1\"><sup>\u00e8me<\/sup><\/span> \u00e9d., 2023, p. 935-948<\/span><\/p>\n<p><span class=\"s1\">BOYER D\/RUBIDO J-M\/ VALINCIUTE FAIVRE V, <i>Bon de jouissance : aspects fiscaux<br \/>\n<\/i><\/span><span class=\"s1\" style=\"color: #9f8d77;\"><span class=\"texteChamois\">in : not@lex 4\/2019, p.135-149<\/span><\/span><\/p>\n<\/div>\n<\/div>\n<\/div>\n<\/div>\n<p>[\/vc_column_text][\/vc_tta_section][\/vc_tta_accordion][\/vc_column][vc_column width=&#8221;5\/12&#8243; offset=&#8221;vc_col-lg-4 vc_col-md-4&#8243; css=&#8221;.vc_custom_1683728882996{padding-top: 60px !important;}&#8221;][ct_contact_form id=&#8221;4249&#8243; styles=&#8221;style3&#8243; title=&#8221;\u00bfAlguna pregunta?&#8221; description=&#8221;Rellene el formulario para concertar una cita.&#8221;][\/vc_column][\/vc_row]<\/p>\n<\/div>","protected":false},"excerpt":{"rendered":"<p>[vc_row][vc_column css=&#8221;.vc_custom_1551769316197{padding-top: 112px !important;}&#8221;][vc_row_inner][vc_column_inner][ct_heading text=&#8221;Les Notaires Unis ha elaborado varias publicaciones relativas a todos los \u00e1mbitos notariales&#8221; align_lg=&#8221;align-center&#8221; align_md=&#8221;align-center-md&#8221; align_sm=&#8221;align-center-sm&#8221; align_xs=&#8221;align-center-xs&#8221; font_size=&#8221;24&#8243; font_size_md=&#8221;24&#8243; font_size_sm=&#8221;20&#8243; font_size_xs=&#8221;20&#8243; font_weight=&#8221;400&#8243; text_color=&#8221;#1d2240&#8243; show_gap=&#8221;show&#8221; subtitle=&#8221;Publicaciones&#8221; subtitle_font_size=&#8221;16&#8243; description_font_weight=&#8221;inherit&#8221; margin_bottom=&#8221;0&#8243;][\/vc_column_inner][\/vc_row_inner][\/vc_column][\/vc_row][vc_row css=&#8221;.vc_custom_1551769324929{padding-top: 20px !important;padding-bottom: 118px !important;}&#8221;][vc_column width=&#8221;7\/12&#8243; css=&#8221;.vc_custom_1551769626819{padding-top: 60px !important;}&#8221; offset=&#8221;vc_col-lg-8 vc_col-md-8&#8243;][vc_tta_accordion active_section=&#8221;20&#8243;][vc_tta_section title=&#8221;Derecho de sociedades&#8221; tab_id=&#8221;1550819026187-970c9ce8-968d&#8221;][vc_column_text]BOYER D\/RUBIDO J-M\/ VALINCIUTE FAIVRE V, Bon de [&hellip;]<\/p>\n","protected":false},"author":1,"featured_media":0,"parent":0,"menu_order":0,"comment_status":"closed","ping_status":"closed","template":"","meta":{"footnotes":""},"class_list":["post-3329","page","type-page","status-publish","hentry"],"yoast_head":"<!-- This site is optimized with the Yoast SEO plugin v26.9 - https:\/\/yoast.com\/product\/yoast-seo-wordpress\/ -->\n<title>Publicaciones | Les Notaires Unis - Gen\u00e8ve<\/title>\n<meta name=\"description\" content=\"Les Notaires Unis ha elaborado varias publicaciones relativas a todos los \u00e1mbitos notariales\" \/>\n<meta name=\"robots\" content=\"index, follow, max-snippet:-1, max-image-preview:large, max-video-preview:-1\" \/>\n<link rel=\"canonical\" href=\"https:\/\/www.lesnotairesunis.ch\/es\/publicaciones\/\" \/>\n<meta property=\"og:locale\" content=\"es_ES\" \/>\n<meta property=\"og:type\" content=\"article\" \/>\n<meta property=\"og:title\" content=\"Publicaciones | Les Notaires Unis - Gen\u00e8ve\" \/>\n<meta property=\"og:description\" content=\"Les Notaires Unis ha elaborado varias publicaciones relativas a todos los \u00e1mbitos notariales\" \/>\n<meta property=\"og:url\" content=\"https:\/\/www.lesnotairesunis.ch\/es\/publicaciones\/\" \/>\n<meta property=\"og:site_name\" content=\"Les Notaires Unis - Gen\u00e8ve\" \/>\n<meta property=\"article:modified_time\" content=\"2025-08-15T08:55:01+00:00\" \/>\n<meta property=\"og:image\" content=\"https:\/\/www.lesnotairesunis.ch\/wp-content\/uploads\/2023\/06\/Les-Notairs-Unis-accueil-3-scaled.jpg\" \/>\n\t<meta property=\"og:image:width\" content=\"2560\" \/>\n\t<meta property=\"og:image:height\" content=\"1707\" \/>\n\t<meta property=\"og:image:type\" content=\"image\/jpeg\" \/>\n<meta name=\"twitter:card\" content=\"summary_large_image\" \/>\n<meta name=\"twitter:label1\" content=\"Tiempo de lectura\" \/>\n\t<meta name=\"twitter:data1\" content=\"1 minuto\" \/>\n<script type=\"application\/ld+json\" class=\"yoast-schema-graph\">{\"@context\":\"https:\/\/schema.org\",\"@graph\":[{\"@type\":\"WebPage\",\"@id\":\"https:\/\/www.lesnotairesunis.ch\/es\/publicaciones\/\",\"url\":\"https:\/\/www.lesnotairesunis.ch\/es\/publicaciones\/\",\"name\":\"Publicaciones | Les Notaires Unis - Gen\u00e8ve\",\"isPartOf\":{\"@id\":\"https:\/\/www.lesnotairesunis.ch\/es\/#website\"},\"datePublished\":\"2019-02-17T11:54:52+00:00\",\"dateModified\":\"2025-08-15T08:55:01+00:00\",\"description\":\"Les Notaires Unis ha elaborado varias publicaciones relativas a todos los \u00e1mbitos notariales\",\"breadcrumb\":{\"@id\":\"https:\/\/www.lesnotairesunis.ch\/es\/publicaciones\/#breadcrumb\"},\"inLanguage\":\"es\",\"potentialAction\":[{\"@type\":\"ReadAction\",\"target\":[\"https:\/\/www.lesnotairesunis.ch\/es\/publicaciones\/\"]}]},{\"@type\":\"BreadcrumbList\",\"@id\":\"https:\/\/www.lesnotairesunis.ch\/es\/publicaciones\/#breadcrumb\",\"itemListElement\":[{\"@type\":\"ListItem\",\"position\":1,\"name\":\"Accueil\",\"item\":\"https:\/\/www.lesnotairesunis.ch\/es\/\"},{\"@type\":\"ListItem\",\"position\":2,\"name\":\"Publicaciones\"}]},{\"@type\":\"WebSite\",\"@id\":\"https:\/\/www.lesnotairesunis.ch\/es\/#website\",\"url\":\"https:\/\/www.lesnotairesunis.ch\/es\/\",\"name\":\"Les Notaires Unis - Gen\u00e8ve\",\"description\":\"\",\"publisher\":{\"@id\":\"https:\/\/www.lesnotairesunis.ch\/es\/#organization\"},\"potentialAction\":[{\"@type\":\"SearchAction\",\"target\":{\"@type\":\"EntryPoint\",\"urlTemplate\":\"https:\/\/www.lesnotairesunis.ch\/es\/?s={search_term_string}\"},\"query-input\":{\"@type\":\"PropertyValueSpecification\",\"valueRequired\":true,\"valueName\":\"search_term_string\"}}],\"inLanguage\":\"es\"},{\"@type\":\"Organization\",\"@id\":\"https:\/\/www.lesnotairesunis.ch\/es\/#organization\",\"name\":\"Les Notaires Unis - Gen\u00e8ve\",\"alternateName\":\"Les Notaires Unis\",\"url\":\"https:\/\/www.lesnotairesunis.ch\/es\/\",\"logo\":{\"@type\":\"ImageObject\",\"inLanguage\":\"es\",\"@id\":\"https:\/\/www.lesnotairesunis.ch\/es\/#\/schema\/logo\/image\/\",\"url\":\"https:\/\/www.lesnotairesunis.ch\/wp-content\/uploads\/2023\/07\/logo-notaires.png\",\"contentUrl\":\"https:\/\/www.lesnotairesunis.ch\/wp-content\/uploads\/2023\/07\/logo-notaires.png\",\"width\":255,\"height\":137,\"caption\":\"Les Notaires Unis - Gen\u00e8ve\"},\"image\":{\"@id\":\"https:\/\/www.lesnotairesunis.ch\/es\/#\/schema\/logo\/image\/\"}}]}<\/script>\n<!-- \/ Yoast SEO plugin. -->","yoast_head_json":{"title":"Publicaciones | Les Notaires Unis - Gen\u00e8ve","description":"Les Notaires Unis ha elaborado varias publicaciones relativas a todos los \u00e1mbitos notariales","robots":{"index":"index","follow":"follow","max-snippet":"max-snippet:-1","max-image-preview":"max-image-preview:large","max-video-preview":"max-video-preview:-1"},"canonical":"https:\/\/www.lesnotairesunis.ch\/es\/publicaciones\/","og_locale":"es_ES","og_type":"article","og_title":"Publicaciones | Les Notaires Unis - Gen\u00e8ve","og_description":"Les Notaires Unis ha elaborado varias publicaciones relativas a todos los \u00e1mbitos notariales","og_url":"https:\/\/www.lesnotairesunis.ch\/es\/publicaciones\/","og_site_name":"Les Notaires Unis - Gen\u00e8ve","article_modified_time":"2025-08-15T08:55:01+00:00","og_image":[{"width":2560,"height":1707,"url":"https:\/\/www.lesnotairesunis.ch\/wp-content\/uploads\/2023\/06\/Les-Notairs-Unis-accueil-3-scaled.jpg","type":"image\/jpeg"}],"twitter_card":"summary_large_image","twitter_misc":{"Tiempo de lectura":"1 minuto"},"schema":{"@context":"https:\/\/schema.org","@graph":[{"@type":"WebPage","@id":"https:\/\/www.lesnotairesunis.ch\/es\/publicaciones\/","url":"https:\/\/www.lesnotairesunis.ch\/es\/publicaciones\/","name":"Publicaciones | Les Notaires Unis - Gen\u00e8ve","isPartOf":{"@id":"https:\/\/www.lesnotairesunis.ch\/es\/#website"},"datePublished":"2019-02-17T11:54:52+00:00","dateModified":"2025-08-15T08:55:01+00:00","description":"Les Notaires Unis ha elaborado varias publicaciones relativas a todos los \u00e1mbitos notariales","breadcrumb":{"@id":"https:\/\/www.lesnotairesunis.ch\/es\/publicaciones\/#breadcrumb"},"inLanguage":"es","potentialAction":[{"@type":"ReadAction","target":["https:\/\/www.lesnotairesunis.ch\/es\/publicaciones\/"]}]},{"@type":"BreadcrumbList","@id":"https:\/\/www.lesnotairesunis.ch\/es\/publicaciones\/#breadcrumb","itemListElement":[{"@type":"ListItem","position":1,"name":"Accueil","item":"https:\/\/www.lesnotairesunis.ch\/es\/"},{"@type":"ListItem","position":2,"name":"Publicaciones"}]},{"@type":"WebSite","@id":"https:\/\/www.lesnotairesunis.ch\/es\/#website","url":"https:\/\/www.lesnotairesunis.ch\/es\/","name":"Les Notaires Unis - Gen\u00e8ve","description":"","publisher":{"@id":"https:\/\/www.lesnotairesunis.ch\/es\/#organization"},"potentialAction":[{"@type":"SearchAction","target":{"@type":"EntryPoint","urlTemplate":"https:\/\/www.lesnotairesunis.ch\/es\/?s={search_term_string}"},"query-input":{"@type":"PropertyValueSpecification","valueRequired":true,"valueName":"search_term_string"}}],"inLanguage":"es"},{"@type":"Organization","@id":"https:\/\/www.lesnotairesunis.ch\/es\/#organization","name":"Les Notaires Unis - Gen\u00e8ve","alternateName":"Les Notaires Unis","url":"https:\/\/www.lesnotairesunis.ch\/es\/","logo":{"@type":"ImageObject","inLanguage":"es","@id":"https:\/\/www.lesnotairesunis.ch\/es\/#\/schema\/logo\/image\/","url":"https:\/\/www.lesnotairesunis.ch\/wp-content\/uploads\/2023\/07\/logo-notaires.png","contentUrl":"https:\/\/www.lesnotairesunis.ch\/wp-content\/uploads\/2023\/07\/logo-notaires.png","width":255,"height":137,"caption":"Les Notaires Unis - Gen\u00e8ve"},"image":{"@id":"https:\/\/www.lesnotairesunis.ch\/es\/#\/schema\/logo\/image\/"}}]}},"_links":{"self":[{"href":"https:\/\/www.lesnotairesunis.ch\/es\/wp-json\/wp\/v2\/pages\/3329","targetHints":{"allow":["GET"]}}],"collection":[{"href":"https:\/\/www.lesnotairesunis.ch\/es\/wp-json\/wp\/v2\/pages"}],"about":[{"href":"https:\/\/www.lesnotairesunis.ch\/es\/wp-json\/wp\/v2\/types\/page"}],"author":[{"embeddable":true,"href":"https:\/\/www.lesnotairesunis.ch\/es\/wp-json\/wp\/v2\/users\/1"}],"replies":[{"embeddable":true,"href":"https:\/\/www.lesnotairesunis.ch\/es\/wp-json\/wp\/v2\/comments?post=3329"}],"version-history":[{"count":0,"href":"https:\/\/www.lesnotairesunis.ch\/es\/wp-json\/wp\/v2\/pages\/3329\/revisions"}],"wp:attachment":[{"href":"https:\/\/www.lesnotairesunis.ch\/es\/wp-json\/wp\/v2\/media?parent=3329"}],"curies":[{"name":"wp","href":"https:\/\/api.w.org\/{rel}","templated":true}]}}