{"id":3333,"date":"2023-03-22T17:50:59","date_gmt":"2023-03-22T16:50:59","guid":{"rendered":"https:\/\/www.lesnotairesunis.ch\/tarifas\/"},"modified":"2026-04-23T10:09:05","modified_gmt":"2026-04-23T08:09:05","slug":"tarifas","status":"publish","type":"page","link":"https:\/\/www.lesnotairesunis.ch\/es\/tarifas\/","title":{"rendered":"Tarifas"},"content":{"rendered":"<div class=\"wpb-content-wrapper\"><p>[vc_row][vc_column css=&#8221;.vc_custom_1551584332015{padding-top: 0px !important;padding-bottom: 66px !important;}&#8221;][vc_row_inner css=&#8221;.vc_custom_1551583141317{padding-bottom: 28px !important;}&#8221;][vc_column_inner][ct_heading text=&#8221;La retribuci\u00f3n notarial se rige por lo que establece el Consejo de Estado&#8221; align_lg=&#8221;align-center&#8221; align_md=&#8221;align-center-md&#8221; align_sm=&#8221;align-center-sm&#8221; align_xs=&#8221;align-center-xs&#8221; font_size=&#8221;24&#8243; font_size_md=&#8221;24&#8243; font_size_sm=&#8221;24&#8243; font_size_xs=&#8221;24&#8243; font_weight=&#8221;400&#8243; text_color=&#8221;#1d2240&#8243; show_gap=&#8221;show&#8221; subtitle=&#8221;Les Notaires Unis&#8221; subtitle_font_size=&#8221;16&#8243; description_font_weight=&#8221;inherit&#8221; margin_bottom=&#8221;0&#8243;][\/vc_column_inner][\/vc_row_inner][vc_tta_tabs active_section=&#8221;1&#8243; style=&#8221;radio&#8221;][vc_tta_section title=&#8221;TARIFAS&#8221; tab_id=&#8221;1551582518301-f899535e-ee01&#8243;][vc_row_inner css=&#8221;.vc_custom_1551584418925{margin-right: -20px !important;margin-left: -20px !important;padding-top: 31px !important;}&#8221;][vc_column_inner width=&#8221;2\/3&#8243; css=&#8221;.vc_custom_1551584318139{padding-top: 0px !important;padding-right: 20px !important;padding-bottom: 40px !important;padding-left: 20px !important;}&#8221;][vc_column_text]Un notario es un escribante p\u00fablico jurado cuya retribuci\u00f3n se rige por lo que establece el Consejo de Estado. Adem\u00e1s de la retribuci\u00f3n que se rige por lo que establece el Consejo de Estado, el notario puede percibir tambi\u00e9n honorarios para la realizaci\u00f3n de actividades ajenas. Sus honorarios se fijan en funci\u00f3n del tiempo que exigen dichas actividades y de su grado de complejidad.<\/p>\n<p>Por otro lado, el notario recauda para el Estado los impuestos siguientes :<\/p>\n<ul>\n<li>el impuesto aplicado a los derechos de registro que cobra el Estado por cada documento que se eleva a escritura p\u00fablica;<\/li>\n<li>los emolumentos que cobra el Estado por la inscripci\u00f3n de escrituras en registros p\u00fablicos (el registro de bienes inmuebles y el registro mercantil);<\/li>\n<li>otros emolumentos y costes administrativos o judiciales que se abonan al Estado por la tramitaci\u00f3n de las escrituras que recibe el notario.<\/li>\n<\/ul>\n<p>[\/vc_column_text][vc_column_text]Habida cuenta de ello, en nuestras facturas figuran de forma pormenorizada nuestra retribuci\u00f3n y nuestros honorarios, as\u00ed como las tasas pertinentes (derechos de registro e IVA), y los emolumentos relativos al registro de bienes inmuebles y al registro mercantil, entre otros servicios administrativos o judiciales que se abonan al Estado.<\/p>\n<p>Por otro lado, el Colegio notarial de Ginebra ha establecido conjuntamente con el Consejo de Estado un costo fijo, con arreglo a determinados requisitos, para la constituci\u00f3n de una sociedad de responsabilidad limitada (SL) o una sociedad an\u00f3nima (SA).<\/p>\n<p>En Ginebra, la adquisici\u00f3n de una vivienda tambi\u00e9n puede ser objeto, en determinadas condiciones, de exenci\u00f3n parcial del pago del impuesto relativo a los derechos de registro (exenci\u00f3n \u201cCasatax\u201d).[\/vc_column_text][\/vc_column_inner][vc_column_inner width=&#8221;1\/3&#8243; css=&#8221;.vc_custom_1551584309992{padding-top: 0px !important;padding-right: 20px !important;padding-bottom: 40px !important;padding-left: 20px !important;}&#8221;][ct_pricing description=&#8221;Les Notaires Unis est\u00e1 a su entera disposici\u00f3n para presupuestarle la operaci\u00f3n que desee realizar.&#8221; text_button=&#8221;Contacto&#8221; link_button=&#8221;url:https%3A%2F%2Fwww.lesnotairesunis.ch%2Fes%2Fcontacto%2F&#8221; icon_type=&#8221;image&#8221; icon_image=&#8221;3001&#8243; feature_lists=&#8221;%5B%7B%22active%22%3A%22no-active%22%7D%5D&#8221;][\/vc_column_inner][\/vc_row_inner][\/vc_tta_section][\/vc_tta_tabs][vc_tta_accordion active_section=&#8221;0&#8243; collapsible_all=&#8221;true&#8221;][vc_tta_section title=&#8221;Contrato matrimonial antes del matrimonio o justo despu\u00e9s del matrimonio: CHF 500.-&#8221; tab_id=&#8221;1740736696993-f8760e07-3f27&#8243;][\/vc_tta_section][vc_tta_section title=&#8221;Contrato matrimonial con liquidaci\u00f3n de bienes matrimoniales: coste seg\u00fan el valor de los bienes a dividir)&#8221; tab_id=&#8221;1740736696998-56370c8a-fc63&#8243;][\/vc_tta_section][vc_tta_section title=&#8221;Certificado de herencia (en ausencia de disposiciones testamentarias) entre CHF 700.- y CHF 1&#8217;300.-<br \/>\n(dependiendo del n\u00famero de documentos del Registro Civil que se necesiten).&#8221; tab_id=&#8221;1740737742979-55b3bff0-a4bd&#8221;][\/vc_tta_section][vc_tta_section title=&#8221;Certificado de herencia con disposiciones testamentarias: de media entre CHF 1&#8217;200.- y CHF 2&#8217;500.- (el precio depende del n\u00famero de herederos y de la factura del Juzgado de Paz)&#8221; tab_id=&#8221;1740737757790-ef102e37-e458&#8243;][\/vc_tta_section][\/vc_tta_accordion][\/vc_column][\/vc_row][vc_row][vc_column css=&#8221;.vc_custom_1551584332015{padding-top: 0px !important;padding-bottom: 66px !important;}&#8221;][\/vc_column][\/vc_row][vc_row][vc_column][vc_raw_html]JTNDc3R5bGUlM0Vib2R5JTIwLnZjX3R0YS1jb250YWluZXIlMjAudmNfdHRhLnZjX3R0YS1hY2NvcmRpb24udmNfdHRhLXN0eWxlLWRlZmF1bHQlMjAudmNfdHRhLXBhbmVscyUyMC52Y190dGEtcGFuZWwtaGVhZGluZyUyMC52Y190dGEtcGFuZWwtdGl0bGUlMjBhJTNBYWZ0ZXIlMjAlN0IlMEElMjAlMjAlMjAlMjBjb250ZW50JTNBJTIwJTIyJTVDZjEwNSUyMiUzQiUwQSUyMCUyMCUyMCUyMHJpZ2h0JTNBJTIwMzBweCUzQiUwQSUyMCUyMCUyMCUyMGZvbnQtc2l6ZSUzQSUyMDIwcHglM0IlMEElMjAlMjAlMjAlMjBjb2xvciUzQSUyMCUyM2M5YzlkMCUzQiUwQSUyMCUyMCUyMCUyMGRpc3BsYXklM0ElMjBub25lJTNCJTBBJTdEJTNDJTJGc3R5bGUlM0U=[\/vc_raw_html][\/vc_column][\/vc_row]<\/p>\n<\/div>","protected":false},"excerpt":{"rendered":"<p>[vc_row][vc_column css=&#8221;.vc_custom_1551584332015{padding-top: 0px !important;padding-bottom: 66px !important;}&#8221;][vc_row_inner css=&#8221;.vc_custom_1551583141317{padding-bottom: 28px !important;}&#8221;][vc_column_inner][ct_heading text=&#8221;La retribuci\u00f3n notarial se rige por lo que establece el Consejo de Estado&#8221; align_lg=&#8221;align-center&#8221; align_md=&#8221;align-center-md&#8221; align_sm=&#8221;align-center-sm&#8221; align_xs=&#8221;align-center-xs&#8221; font_size=&#8221;24&#8243; font_size_md=&#8221;24&#8243; font_size_sm=&#8221;24&#8243; font_size_xs=&#8221;24&#8243; font_weight=&#8221;400&#8243; text_color=&#8221;#1d2240&#8243; show_gap=&#8221;show&#8221; subtitle=&#8221;Les Notaires Unis&#8221; subtitle_font_size=&#8221;16&#8243; description_font_weight=&#8221;inherit&#8221; margin_bottom=&#8221;0&#8243;][\/vc_column_inner][\/vc_row_inner][vc_tta_tabs active_section=&#8221;1&#8243; style=&#8221;radio&#8221;][vc_tta_section title=&#8221;TARIFAS&#8221; tab_id=&#8221;1551582518301-f899535e-ee01&#8243;][vc_row_inner css=&#8221;.vc_custom_1551584418925{margin-right: -20px !important;margin-left: -20px !important;padding-top: 31px !important;}&#8221;][vc_column_inner width=&#8221;2\/3&#8243; css=&#8221;.vc_custom_1551584318139{padding-top: 0px !important;padding-right: 20px [&hellip;]<\/p>\n","protected":false},"author":1,"featured_media":0,"parent":0,"menu_order":0,"comment_status":"closed","ping_status":"closed","template":"","meta":{"footnotes":""},"class_list":["post-3333","page","type-page","status-publish","hentry"],"yoast_head":"<!-- This site is optimized with the Yoast SEO plugin v26.9 - https:\/\/yoast.com\/product\/yoast-seo-wordpress\/ -->\n<title>Tarifas | Les Notaires Unis - Gen\u00e8ve<\/title>\n<meta name=\"description\" content=\"Les Notaires Unis est\u00e1 a su entera disposici\u00f3n para presupuestarle la operaci\u00f3n que desee realizar.\" \/>\n<meta name=\"robots\" content=\"index, follow, max-snippet:-1, max-image-preview:large, max-video-preview:-1\" \/>\n<link rel=\"canonical\" href=\"https:\/\/www.lesnotairesunis.ch\/es\/tarifas\/\" \/>\n<meta property=\"og:locale\" content=\"es_ES\" \/>\n<meta property=\"og:type\" content=\"article\" \/>\n<meta property=\"og:title\" content=\"Tarifas | Les Notaires Unis - Gen\u00e8ve\" \/>\n<meta property=\"og:description\" content=\"Les Notaires Unis est\u00e1 a su entera disposici\u00f3n para presupuestarle la operaci\u00f3n que desee realizar.\" \/>\n<meta property=\"og:url\" content=\"https:\/\/www.lesnotairesunis.ch\/es\/tarifas\/\" \/>\n<meta property=\"og:site_name\" content=\"Les Notaires Unis - Gen\u00e8ve\" \/>\n<meta property=\"article:modified_time\" content=\"2026-04-23T08:09:05+00:00\" \/>\n<meta property=\"og:image\" content=\"https:\/\/www.lesnotairesunis.ch\/wp-content\/uploads\/2023\/06\/Les-Notairs-Unis-accueil-3-scaled.jpg\" \/>\n\t<meta property=\"og:image:width\" content=\"2560\" \/>\n\t<meta property=\"og:image:height\" content=\"1707\" \/>\n\t<meta property=\"og:image:type\" content=\"image\/jpeg\" \/>\n<meta name=\"twitter:card\" content=\"summary_large_image\" \/>\n<meta name=\"twitter:label1\" content=\"Tiempo de lectura\" \/>\n\t<meta name=\"twitter:data1\" content=\"3 minutos\" \/>\n<script type=\"application\/ld+json\" class=\"yoast-schema-graph\">{\"@context\":\"https:\/\/schema.org\",\"@graph\":[{\"@type\":\"WebPage\",\"@id\":\"https:\/\/www.lesnotairesunis.ch\/es\/tarifas\/\",\"url\":\"https:\/\/www.lesnotairesunis.ch\/es\/tarifas\/\",\"name\":\"Tarifas | Les Notaires Unis - Gen\u00e8ve\",\"isPartOf\":{\"@id\":\"https:\/\/www.lesnotairesunis.ch\/es\/#website\"},\"datePublished\":\"2023-03-22T16:50:59+00:00\",\"dateModified\":\"2026-04-23T08:09:05+00:00\",\"description\":\"Les Notaires Unis est\u00e1 a su entera disposici\u00f3n para presupuestarle la operaci\u00f3n que desee realizar.\",\"breadcrumb\":{\"@id\":\"https:\/\/www.lesnotairesunis.ch\/es\/tarifas\/#breadcrumb\"},\"inLanguage\":\"es\",\"potentialAction\":[{\"@type\":\"ReadAction\",\"target\":[\"https:\/\/www.lesnotairesunis.ch\/es\/tarifas\/\"]}]},{\"@type\":\"BreadcrumbList\",\"@id\":\"https:\/\/www.lesnotairesunis.ch\/es\/tarifas\/#breadcrumb\",\"itemListElement\":[{\"@type\":\"ListItem\",\"position\":1,\"name\":\"Accueil\",\"item\":\"https:\/\/www.lesnotairesunis.ch\/es\/\"},{\"@type\":\"ListItem\",\"position\":2,\"name\":\"Tarifas\"}]},{\"@type\":\"WebSite\",\"@id\":\"https:\/\/www.lesnotairesunis.ch\/es\/#website\",\"url\":\"https:\/\/www.lesnotairesunis.ch\/es\/\",\"name\":\"Les Notaires Unis - Gen\u00e8ve\",\"description\":\"\",\"publisher\":{\"@id\":\"https:\/\/www.lesnotairesunis.ch\/es\/#organization\"},\"potentialAction\":[{\"@type\":\"SearchAction\",\"target\":{\"@type\":\"EntryPoint\",\"urlTemplate\":\"https:\/\/www.lesnotairesunis.ch\/es\/?s={search_term_string}\"},\"query-input\":{\"@type\":\"PropertyValueSpecification\",\"valueRequired\":true,\"valueName\":\"search_term_string\"}}],\"inLanguage\":\"es\"},{\"@type\":\"Organization\",\"@id\":\"https:\/\/www.lesnotairesunis.ch\/es\/#organization\",\"name\":\"Les Notaires Unis - Gen\u00e8ve\",\"alternateName\":\"Les Notaires Unis\",\"url\":\"https:\/\/www.lesnotairesunis.ch\/es\/\",\"logo\":{\"@type\":\"ImageObject\",\"inLanguage\":\"es\",\"@id\":\"https:\/\/www.lesnotairesunis.ch\/es\/#\/schema\/logo\/image\/\",\"url\":\"https:\/\/www.lesnotairesunis.ch\/wp-content\/uploads\/2023\/07\/logo-notaires.png\",\"contentUrl\":\"https:\/\/www.lesnotairesunis.ch\/wp-content\/uploads\/2023\/07\/logo-notaires.png\",\"width\":255,\"height\":137,\"caption\":\"Les Notaires Unis - Gen\u00e8ve\"},\"image\":{\"@id\":\"https:\/\/www.lesnotairesunis.ch\/es\/#\/schema\/logo\/image\/\"}}]}<\/script>\n<!-- \/ Yoast SEO plugin. -->","yoast_head_json":{"title":"Tarifas | Les Notaires Unis - Gen\u00e8ve","description":"Les Notaires Unis est\u00e1 a su entera disposici\u00f3n para presupuestarle la operaci\u00f3n que desee realizar.","robots":{"index":"index","follow":"follow","max-snippet":"max-snippet:-1","max-image-preview":"max-image-preview:large","max-video-preview":"max-video-preview:-1"},"canonical":"https:\/\/www.lesnotairesunis.ch\/es\/tarifas\/","og_locale":"es_ES","og_type":"article","og_title":"Tarifas | Les Notaires Unis - Gen\u00e8ve","og_description":"Les Notaires Unis est\u00e1 a su entera disposici\u00f3n para presupuestarle la operaci\u00f3n que desee realizar.","og_url":"https:\/\/www.lesnotairesunis.ch\/es\/tarifas\/","og_site_name":"Les Notaires Unis - Gen\u00e8ve","article_modified_time":"2026-04-23T08:09:05+00:00","og_image":[{"width":2560,"height":1707,"url":"https:\/\/www.lesnotairesunis.ch\/wp-content\/uploads\/2023\/06\/Les-Notairs-Unis-accueil-3-scaled.jpg","type":"image\/jpeg"}],"twitter_card":"summary_large_image","twitter_misc":{"Tiempo de lectura":"3 minutos"},"schema":{"@context":"https:\/\/schema.org","@graph":[{"@type":"WebPage","@id":"https:\/\/www.lesnotairesunis.ch\/es\/tarifas\/","url":"https:\/\/www.lesnotairesunis.ch\/es\/tarifas\/","name":"Tarifas | Les Notaires Unis - Gen\u00e8ve","isPartOf":{"@id":"https:\/\/www.lesnotairesunis.ch\/es\/#website"},"datePublished":"2023-03-22T16:50:59+00:00","dateModified":"2026-04-23T08:09:05+00:00","description":"Les Notaires Unis est\u00e1 a su entera disposici\u00f3n para presupuestarle la operaci\u00f3n que desee realizar.","breadcrumb":{"@id":"https:\/\/www.lesnotairesunis.ch\/es\/tarifas\/#breadcrumb"},"inLanguage":"es","potentialAction":[{"@type":"ReadAction","target":["https:\/\/www.lesnotairesunis.ch\/es\/tarifas\/"]}]},{"@type":"BreadcrumbList","@id":"https:\/\/www.lesnotairesunis.ch\/es\/tarifas\/#breadcrumb","itemListElement":[{"@type":"ListItem","position":1,"name":"Accueil","item":"https:\/\/www.lesnotairesunis.ch\/es\/"},{"@type":"ListItem","position":2,"name":"Tarifas"}]},{"@type":"WebSite","@id":"https:\/\/www.lesnotairesunis.ch\/es\/#website","url":"https:\/\/www.lesnotairesunis.ch\/es\/","name":"Les Notaires Unis - Gen\u00e8ve","description":"","publisher":{"@id":"https:\/\/www.lesnotairesunis.ch\/es\/#organization"},"potentialAction":[{"@type":"SearchAction","target":{"@type":"EntryPoint","urlTemplate":"https:\/\/www.lesnotairesunis.ch\/es\/?s={search_term_string}"},"query-input":{"@type":"PropertyValueSpecification","valueRequired":true,"valueName":"search_term_string"}}],"inLanguage":"es"},{"@type":"Organization","@id":"https:\/\/www.lesnotairesunis.ch\/es\/#organization","name":"Les Notaires Unis - Gen\u00e8ve","alternateName":"Les Notaires Unis","url":"https:\/\/www.lesnotairesunis.ch\/es\/","logo":{"@type":"ImageObject","inLanguage":"es","@id":"https:\/\/www.lesnotairesunis.ch\/es\/#\/schema\/logo\/image\/","url":"https:\/\/www.lesnotairesunis.ch\/wp-content\/uploads\/2023\/07\/logo-notaires.png","contentUrl":"https:\/\/www.lesnotairesunis.ch\/wp-content\/uploads\/2023\/07\/logo-notaires.png","width":255,"height":137,"caption":"Les Notaires Unis - Gen\u00e8ve"},"image":{"@id":"https:\/\/www.lesnotairesunis.ch\/es\/#\/schema\/logo\/image\/"}}]}},"_links":{"self":[{"href":"https:\/\/www.lesnotairesunis.ch\/es\/wp-json\/wp\/v2\/pages\/3333","targetHints":{"allow":["GET"]}}],"collection":[{"href":"https:\/\/www.lesnotairesunis.ch\/es\/wp-json\/wp\/v2\/pages"}],"about":[{"href":"https:\/\/www.lesnotairesunis.ch\/es\/wp-json\/wp\/v2\/types\/page"}],"author":[{"embeddable":true,"href":"https:\/\/www.lesnotairesunis.ch\/es\/wp-json\/wp\/v2\/users\/1"}],"replies":[{"embeddable":true,"href":"https:\/\/www.lesnotairesunis.ch\/es\/wp-json\/wp\/v2\/comments?post=3333"}],"version-history":[{"count":3,"href":"https:\/\/www.lesnotairesunis.ch\/es\/wp-json\/wp\/v2\/pages\/3333\/revisions"}],"predecessor-version":[{"id":5070,"href":"https:\/\/www.lesnotairesunis.ch\/es\/wp-json\/wp\/v2\/pages\/3333\/revisions\/5070"}],"wp:attachment":[{"href":"https:\/\/www.lesnotairesunis.ch\/es\/wp-json\/wp\/v2\/media?parent=3333"}],"curies":[{"name":"wp","href":"https:\/\/api.w.org\/{rel}","templated":true}]}}