{"id":3339,"date":"2018-12-25T02:42:49","date_gmt":"2018-12-25T01:42:49","guid":{"rendered":"https:\/\/www.lesnotairesunis.ch\/contacto\/"},"modified":"2026-01-06T12:45:37","modified_gmt":"2026-01-06T11:45:37","slug":"contacto","status":"publish","type":"page","link":"https:\/\/www.lesnotairesunis.ch\/es\/contacto\/","title":{"rendered":"Contacto"},"content":{"rendered":"<div class=\"wpb-content-wrapper\"><p>[vc_row css=&#8221;.vc_custom_1681834313564{padding-right: 15px !important;padding-left: 15px !important;}&#8221;][vc_column ct_column_class=&#8221;rm-padding-sm&#8221; css=&#8221;.vc_custom_1681837510639{padding-top: 0px !important;padding-right: 70px !important;padding-left: 70px !important;}&#8221;][ct_space space_lg=&#8221;62&#8243; space_md=&#8221;62&#8243; space_sm=&#8221;62&#8243; space_xs=&#8221;30&#8243;][vc_row_inner][vc_column_inner width=&#8221;1\/2&#8243;][vc_column_text css=&#8221;.vc_custom_1687344537322{margin-bottom: 9px !important;}&#8221; el_class=&#8221;color-heading&#8221;]<\/p>\n<p class=\"p1\"><strong><span class=\"s1\">P\u00f3ngase en contacto con nosotros mediante el formulario de contacto o por tel\u00e9fono.<\/span><\/strong><\/p>\n<p>[\/vc_column_text][ct_space space_lg=&#8221;0&#8243; space_md=&#8221;0&#8243; space_sm=&#8221;0&#8243; space_xs=&#8221;32&#8243;][ct_contact_form id=&#8221;4249&#8243;][\/vc_column_inner][vc_column_inner width=&#8221;1\/2&#8243;][vc_empty_space][vc_single_image image=&#8221;3185&#8243; img_size=&#8221;full&#8221; alignment=&#8221;center&#8221; style=&#8221;border-shadow hover-scale&#8221;][\/vc_column_inner][\/vc_row_inner][vc_empty_space][\/vc_column][\/vc_row][vc_row full_width=&#8221;stretch_row_content_no_spaces&#8221; el_id=&#8221;map&#8221; css=&#8221;.vc_custom_1682503339337{margin-bottom: -35px !important;}&#8221;][vc_column css=&#8221;.vc_custom_1545818776944{padding-top: 0px !important;}&#8221;][vc_goo_maps location=&#8221;5, rue Kitty-PONSE CH-1205 Gen\u00e8ve&#8221; height=&#8221;500&#8243; zoom=&#8221;17&#8243; css=&#8221;&#8221;][\/vc_column][\/vc_row][vc_row parallax=&#8221;content-moving-fade&#8221; parallax_speed_bg=&#8221;1.6&#8243;][vc_column][vc_empty_space][vc_row_inner][vc_column_inner width=&#8221;1\/3&#8243; css=&#8221;.vc_custom_1545897296318{padding-top: 0px !important;padding-bottom: 50px !important;}&#8221;][ct_heading text=&#8221;Horario&#8221; font_size=&#8221;24&#8243; font_size_md=&#8221;24&#8243; font_size_sm=&#8221;24&#8243; font_size_xs=&#8221;24&#8243; font_weight=&#8221;400&#8243; text_color=&#8221;#15233d&#8221; description_font_weight=&#8221;inherit&#8221; margin_bottom=&#8221;26&#8243;][ct_contact_info style=&#8221;style2&#8243; content_color=&#8221;#000000&#8243; icon_list=&#8221;flaticon&#8221; content_info=&#8221;Lunes a jueves de 8h a 17h30<br \/>\nViernes de 8h \u00e0 17h&#8221; icon_flaticon=&#8221;flaticon-on-time-support&#8221;][\/vc_column_inner][vc_column_inner width=&#8221;1\/3&#8243; css=&#8221;.vc_custom_1545897291571{padding-top: 0px !important;padding-bottom: 50px !important;}&#8221;][ct_heading text=&#8221;Correo electr\u00f3nico&#8221; font_size=&#8221;24&#8243; font_size_md=&#8221;24&#8243; font_size_sm=&#8221;24&#8243; font_size_xs=&#8221;24&#8243; font_weight=&#8221;400&#8243; text_color=&#8221;#15233d&#8221; description_font_weight=&#8221;inherit&#8221; margin_bottom=&#8221;26&#8243;][ct_contact_info style=&#8221;style2&#8243; content_color=&#8221;#000000&#8243; icon_list=&#8221;flaticon&#8221; content_info=&#8221;+41 22 710 40 40&#8243; icon_flaticon=&#8221;flaticon-phone-call&#8221;][vc_empty_space height=&#8221;19&#8243;][ct_contact_info style=&#8221;style2&#8243; content_color=&#8221;#000000&#8243; content_type=&#8221;email&#8221; icon_list=&#8221;flaticon&#8221; content_info=&#8221;etude@lesnotairesunis.ch&#8221; icon_flaticon=&#8221;flaticon-chat&#8221;][\/vc_column_inner][vc_column_inner width=&#8221;1\/3&#8243; css=&#8221;.vc_custom_1679739018149{padding-top: 0px !important;padding-bottom: 50px !important;}&#8221;][ct_heading text=&#8221;Acceso&#8221; font_size=&#8221;24&#8243; font_size_md=&#8221;24&#8243; font_size_sm=&#8221;24&#8243; font_size_xs=&#8221;24&#8243; font_weight=&#8221;400&#8243; text_color=&#8221;#15233d&#8221; description_font_weight=&#8221;inherit&#8221; margin_bottom=&#8221;26&#8243;][ct_contact_info style=&#8221;style2&#8243; content_color=&#8221;#000000&#8243; icon_list=&#8221;flaticon&#8221; content_info=&#8221;Parking de Plainpalais, situado en las proximidades<br \/>\nTranv\u00eda: l\u00edneas 12, 15 y 18 &#8211; parada Plainpalais<br \/>\nAutob\u00fas: l\u00edneas 1 y 32 &#8211; parada Plainpalais&#8221; icon_flaticon=&#8221;flaticon-placeholder&#8221;][\/vc_column_inner][\/vc_row_inner][\/vc_column][\/vc_row]<\/p>\n<\/div>","protected":false},"excerpt":{"rendered":"<p>[vc_row css=&#8221;.vc_custom_1681834313564{padding-right: 15px !important;padding-left: 15px !important;}&#8221;][vc_column ct_column_class=&#8221;rm-padding-sm&#8221; css=&#8221;.vc_custom_1681837510639{padding-top: 0px !important;padding-right: 70px !important;padding-left: 70px !important;}&#8221;][ct_space space_lg=&#8221;62&#8243; space_md=&#8221;62&#8243; space_sm=&#8221;62&#8243; space_xs=&#8221;30&#8243;][vc_row_inner][vc_column_inner width=&#8221;1\/2&#8243;][vc_column_text css=&#8221;.vc_custom_1687344537322{margin-bottom: 9px !important;}&#8221; el_class=&#8221;color-heading&#8221;] P\u00f3ngase en contacto con nosotros mediante el formulario de contacto o por tel\u00e9fono. [\/vc_column_text][ct_space space_lg=&#8221;0&#8243; space_md=&#8221;0&#8243; space_sm=&#8221;0&#8243; space_xs=&#8221;32&#8243;][ct_contact_form id=&#8221;4249&#8243;][\/vc_column_inner][vc_column_inner width=&#8221;1\/2&#8243;][vc_empty_space][vc_single_image image=&#8221;3185&#8243; img_size=&#8221;full&#8221; alignment=&#8221;center&#8221; style=&#8221;border-shadow hover-scale&#8221;][\/vc_column_inner][\/vc_row_inner][vc_empty_space][\/vc_column][\/vc_row][vc_row full_width=&#8221;stretch_row_content_no_spaces&#8221; el_id=&#8221;map&#8221; css=&#8221;.vc_custom_1682503339337{margin-bottom: -35px !important;}&#8221;][vc_column css=&#8221;.vc_custom_1545818776944{padding-top: 0px [&hellip;]<\/p>\n","protected":false},"author":1,"featured_media":0,"parent":0,"menu_order":0,"comment_status":"closed","ping_status":"closed","template":"","meta":{"footnotes":""},"class_list":["post-3339","page","type-page","status-publish","hentry"],"yoast_head":"<!-- This site is optimized with the Yoast SEO plugin v26.9 - https:\/\/yoast.com\/product\/yoast-seo-wordpress\/ -->\n<title>Contacto | Les Notaires Unis - Gen\u00e8ve<\/title>\n<meta name=\"description\" content=\"Les Notaires Unis sont ainsi soucieux de vous offrir la r\u00e9activit\u00e9, la rigueur et le suivi minutieux n\u00e9cessaires \u00e0 votre dossier.\" \/>\n<meta name=\"robots\" content=\"index, follow, max-snippet:-1, max-image-preview:large, max-video-preview:-1\" \/>\n<link rel=\"canonical\" href=\"https:\/\/www.lesnotairesunis.ch\/es\/contacto\/\" \/>\n<meta property=\"og:locale\" content=\"es_ES\" \/>\n<meta property=\"og:type\" content=\"article\" \/>\n<meta property=\"og:title\" content=\"Contacto | Les Notaires Unis - Gen\u00e8ve\" \/>\n<meta property=\"og:description\" content=\"Les Notaires Unis sont ainsi soucieux de vous offrir la r\u00e9activit\u00e9, la rigueur et le suivi minutieux n\u00e9cessaires \u00e0 votre dossier.\" \/>\n<meta property=\"og:url\" content=\"https:\/\/www.lesnotairesunis.ch\/es\/contacto\/\" \/>\n<meta property=\"og:site_name\" content=\"Les Notaires Unis - Gen\u00e8ve\" \/>\n<meta property=\"article:modified_time\" content=\"2026-01-06T11:45:37+00:00\" \/>\n<meta property=\"og:image\" content=\"https:\/\/www.lesnotairesunis.ch\/wp-content\/uploads\/2023\/06\/Les-Notairs-Unis-accueil-3-scaled.jpg\" \/>\n\t<meta property=\"og:image:width\" content=\"2560\" \/>\n\t<meta property=\"og:image:height\" content=\"1707\" \/>\n\t<meta property=\"og:image:type\" content=\"image\/jpeg\" \/>\n<meta name=\"twitter:card\" content=\"summary_large_image\" \/>\n<meta name=\"twitter:label1\" content=\"Tiempo de lectura\" \/>\n\t<meta name=\"twitter:data1\" content=\"2 minutos\" \/>\n<script type=\"application\/ld+json\" class=\"yoast-schema-graph\">{\"@context\":\"https:\/\/schema.org\",\"@graph\":[{\"@type\":\"WebPage\",\"@id\":\"https:\/\/www.lesnotairesunis.ch\/es\/contacto\/\",\"url\":\"https:\/\/www.lesnotairesunis.ch\/es\/contacto\/\",\"name\":\"Contacto | Les Notaires Unis - Gen\u00e8ve\",\"isPartOf\":{\"@id\":\"https:\/\/www.lesnotairesunis.ch\/es\/#website\"},\"datePublished\":\"2018-12-25T01:42:49+00:00\",\"dateModified\":\"2026-01-06T11:45:37+00:00\",\"description\":\"Les Notaires Unis sont ainsi soucieux de vous offrir la r\u00e9activit\u00e9, la rigueur et le suivi minutieux n\u00e9cessaires \u00e0 votre dossier.\",\"breadcrumb\":{\"@id\":\"https:\/\/www.lesnotairesunis.ch\/es\/contacto\/#breadcrumb\"},\"inLanguage\":\"es\",\"potentialAction\":[{\"@type\":\"ReadAction\",\"target\":[\"https:\/\/www.lesnotairesunis.ch\/es\/contacto\/\"]}]},{\"@type\":\"BreadcrumbList\",\"@id\":\"https:\/\/www.lesnotairesunis.ch\/es\/contacto\/#breadcrumb\",\"itemListElement\":[{\"@type\":\"ListItem\",\"position\":1,\"name\":\"Accueil\",\"item\":\"https:\/\/www.lesnotairesunis.ch\/es\/\"},{\"@type\":\"ListItem\",\"position\":2,\"name\":\"Contacto\"}]},{\"@type\":\"WebSite\",\"@id\":\"https:\/\/www.lesnotairesunis.ch\/es\/#website\",\"url\":\"https:\/\/www.lesnotairesunis.ch\/es\/\",\"name\":\"Les Notaires Unis - Gen\u00e8ve\",\"description\":\"\",\"publisher\":{\"@id\":\"https:\/\/www.lesnotairesunis.ch\/es\/#organization\"},\"potentialAction\":[{\"@type\":\"SearchAction\",\"target\":{\"@type\":\"EntryPoint\",\"urlTemplate\":\"https:\/\/www.lesnotairesunis.ch\/es\/?s={search_term_string}\"},\"query-input\":{\"@type\":\"PropertyValueSpecification\",\"valueRequired\":true,\"valueName\":\"search_term_string\"}}],\"inLanguage\":\"es\"},{\"@type\":\"Organization\",\"@id\":\"https:\/\/www.lesnotairesunis.ch\/es\/#organization\",\"name\":\"Les Notaires Unis - Gen\u00e8ve\",\"alternateName\":\"Les Notaires Unis\",\"url\":\"https:\/\/www.lesnotairesunis.ch\/es\/\",\"logo\":{\"@type\":\"ImageObject\",\"inLanguage\":\"es\",\"@id\":\"https:\/\/www.lesnotairesunis.ch\/es\/#\/schema\/logo\/image\/\",\"url\":\"https:\/\/www.lesnotairesunis.ch\/wp-content\/uploads\/2023\/07\/logo-notaires.png\",\"contentUrl\":\"https:\/\/www.lesnotairesunis.ch\/wp-content\/uploads\/2023\/07\/logo-notaires.png\",\"width\":255,\"height\":137,\"caption\":\"Les Notaires Unis - Gen\u00e8ve\"},\"image\":{\"@id\":\"https:\/\/www.lesnotairesunis.ch\/es\/#\/schema\/logo\/image\/\"}}]}<\/script>\n<!-- \/ Yoast SEO plugin. -->","yoast_head_json":{"title":"Contacto | Les Notaires Unis - Gen\u00e8ve","description":"Les Notaires Unis sont ainsi soucieux de vous offrir la r\u00e9activit\u00e9, la rigueur et le suivi minutieux n\u00e9cessaires \u00e0 votre dossier.","robots":{"index":"index","follow":"follow","max-snippet":"max-snippet:-1","max-image-preview":"max-image-preview:large","max-video-preview":"max-video-preview:-1"},"canonical":"https:\/\/www.lesnotairesunis.ch\/es\/contacto\/","og_locale":"es_ES","og_type":"article","og_title":"Contacto | Les Notaires Unis - Gen\u00e8ve","og_description":"Les Notaires Unis sont ainsi soucieux de vous offrir la r\u00e9activit\u00e9, la rigueur et le suivi minutieux n\u00e9cessaires \u00e0 votre dossier.","og_url":"https:\/\/www.lesnotairesunis.ch\/es\/contacto\/","og_site_name":"Les Notaires Unis - Gen\u00e8ve","article_modified_time":"2026-01-06T11:45:37+00:00","og_image":[{"width":2560,"height":1707,"url":"https:\/\/www.lesnotairesunis.ch\/wp-content\/uploads\/2023\/06\/Les-Notairs-Unis-accueil-3-scaled.jpg","type":"image\/jpeg"}],"twitter_card":"summary_large_image","twitter_misc":{"Tiempo de lectura":"2 minutos"},"schema":{"@context":"https:\/\/schema.org","@graph":[{"@type":"WebPage","@id":"https:\/\/www.lesnotairesunis.ch\/es\/contacto\/","url":"https:\/\/www.lesnotairesunis.ch\/es\/contacto\/","name":"Contacto | Les Notaires Unis - Gen\u00e8ve","isPartOf":{"@id":"https:\/\/www.lesnotairesunis.ch\/es\/#website"},"datePublished":"2018-12-25T01:42:49+00:00","dateModified":"2026-01-06T11:45:37+00:00","description":"Les Notaires Unis sont ainsi soucieux de vous offrir la r\u00e9activit\u00e9, la rigueur et le suivi minutieux n\u00e9cessaires \u00e0 votre dossier.","breadcrumb":{"@id":"https:\/\/www.lesnotairesunis.ch\/es\/contacto\/#breadcrumb"},"inLanguage":"es","potentialAction":[{"@type":"ReadAction","target":["https:\/\/www.lesnotairesunis.ch\/es\/contacto\/"]}]},{"@type":"BreadcrumbList","@id":"https:\/\/www.lesnotairesunis.ch\/es\/contacto\/#breadcrumb","itemListElement":[{"@type":"ListItem","position":1,"name":"Accueil","item":"https:\/\/www.lesnotairesunis.ch\/es\/"},{"@type":"ListItem","position":2,"name":"Contacto"}]},{"@type":"WebSite","@id":"https:\/\/www.lesnotairesunis.ch\/es\/#website","url":"https:\/\/www.lesnotairesunis.ch\/es\/","name":"Les Notaires Unis - Gen\u00e8ve","description":"","publisher":{"@id":"https:\/\/www.lesnotairesunis.ch\/es\/#organization"},"potentialAction":[{"@type":"SearchAction","target":{"@type":"EntryPoint","urlTemplate":"https:\/\/www.lesnotairesunis.ch\/es\/?s={search_term_string}"},"query-input":{"@type":"PropertyValueSpecification","valueRequired":true,"valueName":"search_term_string"}}],"inLanguage":"es"},{"@type":"Organization","@id":"https:\/\/www.lesnotairesunis.ch\/es\/#organization","name":"Les Notaires Unis - Gen\u00e8ve","alternateName":"Les Notaires Unis","url":"https:\/\/www.lesnotairesunis.ch\/es\/","logo":{"@type":"ImageObject","inLanguage":"es","@id":"https:\/\/www.lesnotairesunis.ch\/es\/#\/schema\/logo\/image\/","url":"https:\/\/www.lesnotairesunis.ch\/wp-content\/uploads\/2023\/07\/logo-notaires.png","contentUrl":"https:\/\/www.lesnotairesunis.ch\/wp-content\/uploads\/2023\/07\/logo-notaires.png","width":255,"height":137,"caption":"Les Notaires Unis - Gen\u00e8ve"},"image":{"@id":"https:\/\/www.lesnotairesunis.ch\/es\/#\/schema\/logo\/image\/"}}]}},"_links":{"self":[{"href":"https:\/\/www.lesnotairesunis.ch\/es\/wp-json\/wp\/v2\/pages\/3339","targetHints":{"allow":["GET"]}}],"collection":[{"href":"https:\/\/www.lesnotairesunis.ch\/es\/wp-json\/wp\/v2\/pages"}],"about":[{"href":"https:\/\/www.lesnotairesunis.ch\/es\/wp-json\/wp\/v2\/types\/page"}],"author":[{"embeddable":true,"href":"https:\/\/www.lesnotairesunis.ch\/es\/wp-json\/wp\/v2\/users\/1"}],"replies":[{"embeddable":true,"href":"https:\/\/www.lesnotairesunis.ch\/es\/wp-json\/wp\/v2\/comments?post=3339"}],"version-history":[{"count":2,"href":"https:\/\/www.lesnotairesunis.ch\/es\/wp-json\/wp\/v2\/pages\/3339\/revisions"}],"predecessor-version":[{"id":4282,"href":"https:\/\/www.lesnotairesunis.ch\/es\/wp-json\/wp\/v2\/pages\/3339\/revisions\/4282"}],"wp:attachment":[{"href":"https:\/\/www.lesnotairesunis.ch\/es\/wp-json\/wp\/v2\/media?parent=3339"}],"curies":[{"name":"wp","href":"https:\/\/api.w.org\/{rel}","templated":true}]}}