{"id":3351,"date":"2019-02-17T12:56:05","date_gmt":"2019-02-17T11:56:05","guid":{"rendered":"https:\/\/www.lesnotairesunis.ch\/dominique-boyer\/"},"modified":"2023-06-30T09:43:53","modified_gmt":"2023-06-30T07:43:53","slug":"dominique-boyer","status":"publish","type":"page","link":"https:\/\/www.lesnotairesunis.ch\/es\/dominique-boyer\/","title":{"rendered":"Dominique BOYER"},"content":{"rendered":"<div class=\"wpb-content-wrapper\"><p>[vc_row][vc_column css=&#8221;.vc_custom_1551761156478{padding-top: 85px !important;padding-bottom: 70px !important;}&#8221;][vc_row_inner][vc_column_inner][ct_heading text=&#8221;Gestiona los actas de Eric Demierre&#8221; align_lg=&#8221;align-center&#8221; align_md=&#8221;align-center-md&#8221; align_sm=&#8221;align-center-sm&#8221; align_xs=&#8221;align-center-xs&#8221; font_size=&#8221;24&#8243; font_size_md=&#8221;24&#8243; font_size_sm=&#8221;24&#8243; font_size_xs=&#8221;24&#8243; font_weight=&#8221;400&#8243; show_gap=&#8221;show&#8221; subtitle=&#8221;Dominique BOYER&#8221; description=&#8221;Habla ingl\u00e9s con fluidez&#8221; description_font_weight=&#8221;inherit&#8221; margin_bottom=&#8221;0&#8243;][\/vc_column_inner][\/vc_row_inner][\/vc_column][\/vc_row][vc_row css=&#8221;.vc_custom_1551761082453{padding-bottom: 117px !important;}&#8221;][vc_column width=&#8221;1\/3&#8243; offset=&#8221;vc_col-lg-3 vc_col-md-3&#8243;][ct_team_member image=&#8221;3036&#8243; img_size=&#8221;full&#8221; social=&#8221;%5B%7B%7D%5D&#8221; title=&#8221;Dominique BOYER&#8221; position=&#8221;Notaria socia&#8221; el_class=&#8221;single-team&#8221;][ct_space space_lg=&#8221;0&#8243; space_md=&#8221;0&#8243; space_sm=&#8221;0&#8243; space_xs=&#8221;42&#8243;][\/vc_column][vc_column width=&#8221;2\/3&#8243; offset=&#8221;vc_col-lg-9 vc_col-md-9&#8243;][vc_column_text css=&#8221;.vc_custom_1679399284188{margin-top: -8px !important;margin-bottom: 48px !important;}&#8221;]Dominique BOYER ejerce la notar\u00eda desde su designaci\u00f3n en 2001.<\/p>\n<p>Es miembro de la Comisi\u00f3n de Examen para la obtenci\u00f3n del t\u00edtulo de Notario en Ginebra.<\/p>\n<p>Por otra parte, Dominique BOYER est\u00e1 afiliada al <span class=\"texteChamois\"><b><a class=\"texteChamois\" href=\"http:\/\/www.sro-sav-snv.ch\/\" target=\"_blank\" rel=\"noopener\">OAR FSA<\/a><\/b><\/span> <strong>en calidad de intermediaria financiera y es coautora de publicaciones sobre derecho fiscal y derecho de sociedades.<\/strong>[\/vc_column_text][vc_row_inner content_placement=&#8221;middle&#8221;][vc_column_inner width=&#8221;2\/3&#8243;][ct_contact_info content_type=&#8221;tel&#8221; icon_list=&#8221;fontawesome5&#8243; icon_fontawesome5=&#8221;fac fac-phone&#8221; content_info=&#8221;+41 22 710 40 40&#8243; el_class=&#8221;contact-info-group&#8221;][ct_contact_info content_type=&#8221;email&#8221; icon_fontawesome=&#8221;fa fa-envelope&#8221; content_info=&#8221;boyer@lesnotairesunis.ch&#8221; el_class=&#8221;contact-info-group&#8221;][\/vc_column_inner][vc_column_inner el_class=&#8221;text-left-sm text-right&#8221; width=&#8221;1\/3&#8243;][ct_social social=&#8221;%5B%7B%22icon%22%3A%22fab%20fa-linkedin-in%22%2C%22social_link%22%3A%22https%3A%2F%2Fwww.linkedin.com%2Fin%2Fdominique-boyer-64013bb4%2F%22%2C%22social_color%22%3A%22%2315233d%22%7D%5D&#8221;][ct_space space_lg=&#8221;0&#8243; space_md=&#8221;0&#8243; space_sm=&#8221;0&#8243; space_xs=&#8221;12&#8243;][\/vc_column_inner][\/vc_row_inner][\/vc_column][\/vc_row]<\/p>\n<\/div>","protected":false},"excerpt":{"rendered":"<p>[vc_row][vc_column css=&#8221;.vc_custom_1551761156478{padding-top: 85px !important;padding-bottom: 70px !important;}&#8221;][vc_row_inner][vc_column_inner][ct_heading text=&#8221;Gestiona los actas de Eric Demierre&#8221; align_lg=&#8221;align-center&#8221; align_md=&#8221;align-center-md&#8221; align_sm=&#8221;align-center-sm&#8221; align_xs=&#8221;align-center-xs&#8221; font_size=&#8221;24&#8243; font_size_md=&#8221;24&#8243; font_size_sm=&#8221;24&#8243; font_size_xs=&#8221;24&#8243; font_weight=&#8221;400&#8243; show_gap=&#8221;show&#8221; subtitle=&#8221;Dominique BOYER&#8221; description=&#8221;Habla ingl\u00e9s con fluidez&#8221; description_font_weight=&#8221;inherit&#8221; margin_bottom=&#8221;0&#8243;][\/vc_column_inner][\/vc_row_inner][\/vc_column][\/vc_row][vc_row css=&#8221;.vc_custom_1551761082453{padding-bottom: 117px !important;}&#8221;][vc_column width=&#8221;1\/3&#8243; offset=&#8221;vc_col-lg-3 vc_col-md-3&#8243;][ct_team_member image=&#8221;3036&#8243; img_size=&#8221;full&#8221; social=&#8221;%5B%7B%7D%5D&#8221; title=&#8221;Dominique BOYER&#8221; position=&#8221;Notaria socia&#8221; el_class=&#8221;single-team&#8221;][ct_space space_lg=&#8221;0&#8243; space_md=&#8221;0&#8243; space_sm=&#8221;0&#8243; space_xs=&#8221;42&#8243;][\/vc_column][vc_column width=&#8221;2\/3&#8243; offset=&#8221;vc_col-lg-9 vc_col-md-9&#8243;][vc_column_text css=&#8221;.vc_custom_1679399284188{margin-top: -8px !important;margin-bottom: 48px [&hellip;]<\/p>\n","protected":false},"author":1,"featured_media":0,"parent":0,"menu_order":0,"comment_status":"closed","ping_status":"closed","template":"","meta":{"footnotes":""},"class_list":["post-3351","page","type-page","status-publish","hentry"],"yoast_head":"<!-- This site is optimized with the Yoast SEO plugin v26.9 - https:\/\/yoast.com\/product\/yoast-seo-wordpress\/ -->\n<title>Dominique BOYER | Les Notaires Unis - Gen\u00e8ve<\/title>\n<meta name=\"robots\" content=\"index, follow, max-snippet:-1, max-image-preview:large, max-video-preview:-1\" \/>\n<link rel=\"canonical\" href=\"https:\/\/www.lesnotairesunis.ch\/es\/dominique-boyer\/\" \/>\n<meta property=\"og:locale\" content=\"es_ES\" \/>\n<meta property=\"og:type\" content=\"article\" \/>\n<meta property=\"og:title\" content=\"Dominique BOYER | Les Notaires Unis - Gen\u00e8ve\" \/>\n<meta property=\"og:description\" content=\"[vc_row][vc_column css=&#8221;.vc_custom_1551761156478{padding-top: 85px !important;padding-bottom: 70px !important;}&#8221;][vc_row_inner][vc_column_inner][ct_heading text=&#8221;Gestiona los actas de Eric Demierre&#8221; align_lg=&#8221;align-center&#8221; align_md=&#8221;align-center-md&#8221; align_sm=&#8221;align-center-sm&#8221; align_xs=&#8221;align-center-xs&#8221; font_size=&#8221;24&#8243; font_size_md=&#8221;24&#8243; font_size_sm=&#8221;24&#8243; font_size_xs=&#8221;24&#8243; font_weight=&#8221;400&#8243; show_gap=&#8221;show&#8221; subtitle=&#8221;Dominique BOYER&#8221; description=&#8221;Habla ingl\u00e9s con fluidez&#8221; description_font_weight=&#8221;inherit&#8221; margin_bottom=&#8221;0&#8243;][\/vc_column_inner][\/vc_row_inner][\/vc_column][\/vc_row][vc_row css=&#8221;.vc_custom_1551761082453{padding-bottom: 117px !important;}&#8221;][vc_column width=&#8221;1\/3&#8243; offset=&#8221;vc_col-lg-3 vc_col-md-3&#8243;][ct_team_member image=&#8221;3036&#8243; img_size=&#8221;full&#8221; social=&#8221;%5B%7B%7D%5D&#8221; title=&#8221;Dominique BOYER&#8221; position=&#8221;Notaria socia&#8221; el_class=&#8221;single-team&#8221;][ct_space space_lg=&#8221;0&#8243; space_md=&#8221;0&#8243; space_sm=&#8221;0&#8243; space_xs=&#8221;42&#8243;][\/vc_column][vc_column width=&#8221;2\/3&#8243; offset=&#8221;vc_col-lg-9 vc_col-md-9&#8243;][vc_column_text css=&#8221;.vc_custom_1679399284188{margin-top: -8px !important;margin-bottom: 48px [&hellip;]\" \/>\n<meta property=\"og:url\" content=\"https:\/\/www.lesnotairesunis.ch\/es\/dominique-boyer\/\" \/>\n<meta property=\"og:site_name\" content=\"Les Notaires Unis - Gen\u00e8ve\" \/>\n<meta property=\"article:modified_time\" content=\"2023-06-30T07:43:53+00:00\" \/>\n<meta property=\"og:image\" content=\"https:\/\/www.lesnotairesunis.ch\/wp-content\/uploads\/2023\/06\/Les-Notairs-Unis-accueil-3-scaled.jpg\" \/>\n\t<meta property=\"og:image:width\" content=\"2560\" \/>\n\t<meta property=\"og:image:height\" content=\"1707\" \/>\n\t<meta property=\"og:image:type\" content=\"image\/jpeg\" \/>\n<meta name=\"twitter:card\" content=\"summary_large_image\" \/>\n<meta name=\"twitter:label1\" content=\"Tiempo de lectura\" \/>\n\t<meta name=\"twitter:data1\" content=\"1 minuto\" \/>\n<script type=\"application\/ld+json\" class=\"yoast-schema-graph\">{\"@context\":\"https:\/\/schema.org\",\"@graph\":[{\"@type\":\"WebPage\",\"@id\":\"https:\/\/www.lesnotairesunis.ch\/es\/dominique-boyer\/\",\"url\":\"https:\/\/www.lesnotairesunis.ch\/es\/dominique-boyer\/\",\"name\":\"Dominique BOYER | Les Notaires Unis - Gen\u00e8ve\",\"isPartOf\":{\"@id\":\"https:\/\/www.lesnotairesunis.ch\/es\/#website\"},\"datePublished\":\"2019-02-17T11:56:05+00:00\",\"dateModified\":\"2023-06-30T07:43:53+00:00\",\"breadcrumb\":{\"@id\":\"https:\/\/www.lesnotairesunis.ch\/es\/dominique-boyer\/#breadcrumb\"},\"inLanguage\":\"es\",\"potentialAction\":[{\"@type\":\"ReadAction\",\"target\":[\"https:\/\/www.lesnotairesunis.ch\/es\/dominique-boyer\/\"]}]},{\"@type\":\"BreadcrumbList\",\"@id\":\"https:\/\/www.lesnotairesunis.ch\/es\/dominique-boyer\/#breadcrumb\",\"itemListElement\":[{\"@type\":\"ListItem\",\"position\":1,\"name\":\"Accueil\",\"item\":\"https:\/\/www.lesnotairesunis.ch\/es\/\"},{\"@type\":\"ListItem\",\"position\":2,\"name\":\"Dominique BOYER\"}]},{\"@type\":\"WebSite\",\"@id\":\"https:\/\/www.lesnotairesunis.ch\/es\/#website\",\"url\":\"https:\/\/www.lesnotairesunis.ch\/es\/\",\"name\":\"Les Notaires Unis - Gen\u00e8ve\",\"description\":\"\",\"publisher\":{\"@id\":\"https:\/\/www.lesnotairesunis.ch\/es\/#organization\"},\"potentialAction\":[{\"@type\":\"SearchAction\",\"target\":{\"@type\":\"EntryPoint\",\"urlTemplate\":\"https:\/\/www.lesnotairesunis.ch\/es\/?s={search_term_string}\"},\"query-input\":{\"@type\":\"PropertyValueSpecification\",\"valueRequired\":true,\"valueName\":\"search_term_string\"}}],\"inLanguage\":\"es\"},{\"@type\":\"Organization\",\"@id\":\"https:\/\/www.lesnotairesunis.ch\/es\/#organization\",\"name\":\"Les Notaires Unis - Gen\u00e8ve\",\"alternateName\":\"Les Notaires Unis\",\"url\":\"https:\/\/www.lesnotairesunis.ch\/es\/\",\"logo\":{\"@type\":\"ImageObject\",\"inLanguage\":\"es\",\"@id\":\"https:\/\/www.lesnotairesunis.ch\/es\/#\/schema\/logo\/image\/\",\"url\":\"https:\/\/www.lesnotairesunis.ch\/wp-content\/uploads\/2023\/07\/logo-notaires.png\",\"contentUrl\":\"https:\/\/www.lesnotairesunis.ch\/wp-content\/uploads\/2023\/07\/logo-notaires.png\",\"width\":255,\"height\":137,\"caption\":\"Les Notaires Unis - Gen\u00e8ve\"},\"image\":{\"@id\":\"https:\/\/www.lesnotairesunis.ch\/es\/#\/schema\/logo\/image\/\"}}]}<\/script>\n<!-- \/ Yoast SEO plugin. -->","yoast_head_json":{"title":"Dominique BOYER | Les Notaires Unis - Gen\u00e8ve","robots":{"index":"index","follow":"follow","max-snippet":"max-snippet:-1","max-image-preview":"max-image-preview:large","max-video-preview":"max-video-preview:-1"},"canonical":"https:\/\/www.lesnotairesunis.ch\/es\/dominique-boyer\/","og_locale":"es_ES","og_type":"article","og_title":"Dominique BOYER | Les Notaires Unis - Gen\u00e8ve","og_description":"[vc_row][vc_column css=&#8221;.vc_custom_1551761156478{padding-top: 85px !important;padding-bottom: 70px !important;}&#8221;][vc_row_inner][vc_column_inner][ct_heading text=&#8221;Gestiona los actas de Eric Demierre&#8221; align_lg=&#8221;align-center&#8221; align_md=&#8221;align-center-md&#8221; align_sm=&#8221;align-center-sm&#8221; align_xs=&#8221;align-center-xs&#8221; font_size=&#8221;24&#8243; font_size_md=&#8221;24&#8243; font_size_sm=&#8221;24&#8243; font_size_xs=&#8221;24&#8243; font_weight=&#8221;400&#8243; show_gap=&#8221;show&#8221; subtitle=&#8221;Dominique BOYER&#8221; description=&#8221;Habla ingl\u00e9s con fluidez&#8221; description_font_weight=&#8221;inherit&#8221; margin_bottom=&#8221;0&#8243;][\/vc_column_inner][\/vc_row_inner][\/vc_column][\/vc_row][vc_row css=&#8221;.vc_custom_1551761082453{padding-bottom: 117px !important;}&#8221;][vc_column width=&#8221;1\/3&#8243; offset=&#8221;vc_col-lg-3 vc_col-md-3&#8243;][ct_team_member image=&#8221;3036&#8243; img_size=&#8221;full&#8221; social=&#8221;%5B%7B%7D%5D&#8221; title=&#8221;Dominique BOYER&#8221; position=&#8221;Notaria socia&#8221; el_class=&#8221;single-team&#8221;][ct_space space_lg=&#8221;0&#8243; space_md=&#8221;0&#8243; space_sm=&#8221;0&#8243; space_xs=&#8221;42&#8243;][\/vc_column][vc_column width=&#8221;2\/3&#8243; offset=&#8221;vc_col-lg-9 vc_col-md-9&#8243;][vc_column_text css=&#8221;.vc_custom_1679399284188{margin-top: -8px !important;margin-bottom: 48px [&hellip;]","og_url":"https:\/\/www.lesnotairesunis.ch\/es\/dominique-boyer\/","og_site_name":"Les Notaires Unis - Gen\u00e8ve","article_modified_time":"2023-06-30T07:43:53+00:00","og_image":[{"width":2560,"height":1707,"url":"https:\/\/www.lesnotairesunis.ch\/wp-content\/uploads\/2023\/06\/Les-Notairs-Unis-accueil-3-scaled.jpg","type":"image\/jpeg"}],"twitter_card":"summary_large_image","twitter_misc":{"Tiempo de lectura":"1 minuto"},"schema":{"@context":"https:\/\/schema.org","@graph":[{"@type":"WebPage","@id":"https:\/\/www.lesnotairesunis.ch\/es\/dominique-boyer\/","url":"https:\/\/www.lesnotairesunis.ch\/es\/dominique-boyer\/","name":"Dominique BOYER | Les Notaires Unis - Gen\u00e8ve","isPartOf":{"@id":"https:\/\/www.lesnotairesunis.ch\/es\/#website"},"datePublished":"2019-02-17T11:56:05+00:00","dateModified":"2023-06-30T07:43:53+00:00","breadcrumb":{"@id":"https:\/\/www.lesnotairesunis.ch\/es\/dominique-boyer\/#breadcrumb"},"inLanguage":"es","potentialAction":[{"@type":"ReadAction","target":["https:\/\/www.lesnotairesunis.ch\/es\/dominique-boyer\/"]}]},{"@type":"BreadcrumbList","@id":"https:\/\/www.lesnotairesunis.ch\/es\/dominique-boyer\/#breadcrumb","itemListElement":[{"@type":"ListItem","position":1,"name":"Accueil","item":"https:\/\/www.lesnotairesunis.ch\/es\/"},{"@type":"ListItem","position":2,"name":"Dominique BOYER"}]},{"@type":"WebSite","@id":"https:\/\/www.lesnotairesunis.ch\/es\/#website","url":"https:\/\/www.lesnotairesunis.ch\/es\/","name":"Les Notaires Unis - Gen\u00e8ve","description":"","publisher":{"@id":"https:\/\/www.lesnotairesunis.ch\/es\/#organization"},"potentialAction":[{"@type":"SearchAction","target":{"@type":"EntryPoint","urlTemplate":"https:\/\/www.lesnotairesunis.ch\/es\/?s={search_term_string}"},"query-input":{"@type":"PropertyValueSpecification","valueRequired":true,"valueName":"search_term_string"}}],"inLanguage":"es"},{"@type":"Organization","@id":"https:\/\/www.lesnotairesunis.ch\/es\/#organization","name":"Les Notaires Unis - Gen\u00e8ve","alternateName":"Les Notaires Unis","url":"https:\/\/www.lesnotairesunis.ch\/es\/","logo":{"@type":"ImageObject","inLanguage":"es","@id":"https:\/\/www.lesnotairesunis.ch\/es\/#\/schema\/logo\/image\/","url":"https:\/\/www.lesnotairesunis.ch\/wp-content\/uploads\/2023\/07\/logo-notaires.png","contentUrl":"https:\/\/www.lesnotairesunis.ch\/wp-content\/uploads\/2023\/07\/logo-notaires.png","width":255,"height":137,"caption":"Les Notaires Unis - Gen\u00e8ve"},"image":{"@id":"https:\/\/www.lesnotairesunis.ch\/es\/#\/schema\/logo\/image\/"}}]}},"_links":{"self":[{"href":"https:\/\/www.lesnotairesunis.ch\/es\/wp-json\/wp\/v2\/pages\/3351","targetHints":{"allow":["GET"]}}],"collection":[{"href":"https:\/\/www.lesnotairesunis.ch\/es\/wp-json\/wp\/v2\/pages"}],"about":[{"href":"https:\/\/www.lesnotairesunis.ch\/es\/wp-json\/wp\/v2\/types\/page"}],"author":[{"embeddable":true,"href":"https:\/\/www.lesnotairesunis.ch\/es\/wp-json\/wp\/v2\/users\/1"}],"replies":[{"embeddable":true,"href":"https:\/\/www.lesnotairesunis.ch\/es\/wp-json\/wp\/v2\/comments?post=3351"}],"version-history":[{"count":0,"href":"https:\/\/www.lesnotairesunis.ch\/es\/wp-json\/wp\/v2\/pages\/3351\/revisions"}],"wp:attachment":[{"href":"https:\/\/www.lesnotairesunis.ch\/es\/wp-json\/wp\/v2\/media?parent=3351"}],"curies":[{"name":"wp","href":"https:\/\/api.w.org\/{rel}","templated":true}]}}