{"id":3657,"date":"2023-03-20T17:55:55","date_gmt":"2023-03-20T16:55:55","guid":{"rendered":"https:\/\/www.lesnotairesunis.ch\/politique-de-confidentialite\/"},"modified":"2026-02-05T11:18:35","modified_gmt":"2026-02-05T10:18:35","slug":"politica-de-privacidad","status":"publish","type":"page","link":"https:\/\/www.lesnotairesunis.ch\/es\/politica-de-privacidad\/","title":{"rendered":"Pol\u00edtica de privacidad"},"content":{"rendered":"<div class=\"wpb-content-wrapper\"><p>[vc_row][vc_column][vc_column_text css=&#8221;&#8221;]<\/p>\r\n\r\n<h2 class=\"wp-block-heading\">POL\u00cdTICA DE PRIVACIDAD<br \/>1. Protecci\u00f3n de datos<\/h2>\r\n<p>Les Notaires Unis se toma muy en serio la protecci\u00f3n de sus datos personales. Tratamos sus datos personales de forma confidencial y de conformidad con las disposiciones legales de la Ley Federal Suiza de Protecci\u00f3n de Datos (nLPD) y la presente declaraci\u00f3n de protecci\u00f3n de datos.<\/p>\r\n<p>Puede utilizar nuestro sitio web sin facilitar ning\u00fan dato personal. En la medida en que en nuestro sitio web se recaben datos personales (por ejemplo, nombre, direcci\u00f3n o direcci\u00f3n de correo electr\u00f3nico) para permitirle beneficiarse de una suscripci\u00f3n, esto se har\u00e1 siempre de forma voluntaria. Estos datos no se transmiten a terceros.<\/p>\r\n<h2>2. Recogida de datos personales<\/h2>\r\n<p>S\u00f3lo recogemos datos personales si es necesario para la prestaci\u00f3n del servicio espec\u00edfico.<br \/>Puede visitar nuestro sitio web www.lesnotairesunis.ch sin proporcionar ning\u00fan dato personal. S\u00f3lo almacenamos datos de acceso sin referencia personal, como el nombre de su proveedor de servicios de Internet, la p\u00e1gina desde la que nos visita o el nombre del archivo solicitado. Estos datos se eval\u00faan exclusivamente para mejorar nuestro sitio y no permiten extraer ninguna conclusi\u00f3n sobre su identidad.<\/p>\r\n<p>Los datos personales relativos a la identidad de un abonado, como el nombre, la direcci\u00f3n, la direcci\u00f3n postal, el n\u00famero de tel\u00e9fono o la direcci\u00f3n de correo electr\u00f3nico, s\u00f3lo se recopilan en nuestro sitio web si usted los facilita voluntariamente al registrarse para una suscripci\u00f3n a trav\u00e9s del formulario de contacto del sitio web o de alguna otra forma, por ejemplo, por correo electr\u00f3nico.<\/p>\r\n<h2>3. Utilizaci\u00f3n de los datos personales<\/h2>\r\n<p>Los datos personales recogidos en los formularios :<\/p>\r\n<p>Formulario de contacto<\/p>\r\n<p>son :<\/p>\r\n<p>Nombre y apellidos,<br \/>N\u00famero de tel\u00e9fono,<br \/>Direcci\u00f3n de correo electr\u00f3nico,<\/p>\r\n<p>Estos datos del formulario se almacenan en copia en el sitio web www.lesnotairesunis.ch.<\/p>\r\n<p>Los datos s\u00f3lo se utilizan (y con este \u00fanico fin) para responder espec\u00edficamente a las solicitudes de informaci\u00f3n de clientes o clientes potenciales en el marco de las actividades de Notaires Unis.<\/p>\r\n<h2>4. Transmisi\u00f3n de datos personales a terceros<\/h2>\r\n<p>Sus datos no se transmitir\u00e1n a menos que estemos legalmente obligados a hacerlo (por ejemplo, a petici\u00f3n de una autoridad investigadora) o autorizados a hacerlo (por ejemplo, en relaci\u00f3n con el procesamiento de datos de pedidos) o a menos que usted haya dado su consentimiento expreso para que se transmitan a terceros.<br \/>En particular, los datos se transmiten a terceros si es necesario para la ejecuci\u00f3n y tramitaci\u00f3n del contrato. Naturalmente, estos terceros est\u00e1n obligados a proteger sus datos y a utilizarlos \u00fanicamente para el fin espec\u00edfico que se les haya asignado. Adem\u00e1s, est\u00e1n obligados a procesar los datos de acuerdo con esta declaraci\u00f3n de protecci\u00f3n de datos y la situaci\u00f3n legal aplicable.<\/p>\r\n<h2>5. Derecho de informaci\u00f3n, supresi\u00f3n, bloqueo<\/h2>\r\n<p>Tiene derecho a obtener en cualquier momento informaci\u00f3n sobre sus datos personales almacenados, su origen y destinatarios y la finalidad del tratamiento de los datos, as\u00ed como derecho de rectificaci\u00f3n, bloqueo o supresi\u00f3n de dichos datos.<\/p>\r\n<p>Si desea eliminar definitivamente sus datos personales de nuestra base de datos, s\u00f3lo tiene que solicit\u00e1rnoslo a trav\u00e9s de nuestro formulario de contacto, accesible a todos nuestros suscriptores.<\/p>\r\n<h2>6. Seguridad de los datos<\/h2>\r\n<p>Sus datos personales, que se intercambian con nosotros a trav\u00e9s del sitio web, se transmiten generalmente de forma encriptada, lo que corresponde al estado actual de la t\u00e9cnica. Utilizamos medidas t\u00e9cnicas y organizativas para proteger nuestro sitio web y otros sistemas contra la p\u00e9rdida, destrucci\u00f3n, acceso, modificaci\u00f3n o distribuci\u00f3n de sus datos por personas no autorizadas.<\/p>\r\n<h2>7. Uso de cookies<\/h2>\r\n<p>Consulte nuestra declaraci\u00f3n sobre cookies para saber c\u00f3mo puede ajustar la configuraci\u00f3n de cookies y obtener informaci\u00f3n detallada sobre las cookies que utilizamos y c\u00f3mo las utilizamos.<\/p>\r\n<h2>8. Referencias a enlaces externos<\/h2>\r\n<p>Los art\u00edculos de este sitio pueden incluir contenido incrustado (por ejemplo, v\u00eddeos, im\u00e1genes, art\u00edculos, etc.). El contenido incrustado de otros sitios se comporta de la misma manera que si el visitante fuera a ese otro sitio.<\/p>\r\n<p>Estos sitios web pueden recopilar datos sobre usted, utilizar cookies, incrustar herramientas de seguimiento de terceros y rastrear sus interacciones con este contenido incrustado si tiene una cuenta iniciada en su sitio web.<\/p>\r\n<h2>9. MODIFICACIONES<\/h2>\r\n<p>Podemos modificar esta pol\u00edtica de privacidad sin previo aviso. Se aplicar\u00e1 la versi\u00f3n actualmente publicada en nuestro sitio web. Si la pol\u00edtica de privacidad forma parte de un acuerdo con usted, le notificaremos por correo electr\u00f3nico u otro medio adecuado si la modificamos.<\/p>\r\n<h2>10. Preguntas al responsable de protecci\u00f3n de datos<\/h2>\r\n<p>Si tiene alguna pregunta sobre la protecci\u00f3n de la confidencialidad, env\u00edenos un correo electr\u00f3nico a trav\u00e9s de nuestro formulario de contacto.<\/p>\r\n<p>[\/vc_column_text][\/vc_column][\/vc_row][vc_row][vc_column][vc_column_text]<\/p>\r\n<p>[\/vc_column_text][\/vc_column][\/vc_row]<\/p><\/div>","protected":false},"excerpt":{"rendered":"<p>[vc_row][vc_column][vc_column_text css=&#8221;&#8221;] POL\u00cdTICA DE PRIVACIDAD1. Protecci\u00f3n de datos Les Notaires Unis se toma muy en serio la protecci\u00f3n de sus datos personales. Tratamos sus datos personales de forma confidencial y de conformidad con las disposiciones legales de la Ley Federal Suiza de Protecci\u00f3n de Datos (nLPD) y la presente declaraci\u00f3n de protecci\u00f3n de datos. Puede [&hellip;]<\/p>\n","protected":false},"author":1,"featured_media":0,"parent":0,"menu_order":0,"comment_status":"closed","ping_status":"open","template":"","meta":{"footnotes":""},"class_list":["post-3657","page","type-page","status-publish","hentry"],"yoast_head":"<!-- This site is optimized with the Yoast SEO plugin v26.9 - https:\/\/yoast.com\/product\/yoast-seo-wordpress\/ -->\n<title>Pol\u00edtica de privacidad | Les Notaires Unis - Gen\u00e8ve<\/title>\n<meta name=\"robots\" content=\"index, follow, max-snippet:-1, max-image-preview:large, max-video-preview:-1\" \/>\n<link rel=\"canonical\" href=\"https:\/\/www.lesnotairesunis.ch\/es\/politica-de-privacidad\/\" \/>\n<meta property=\"og:locale\" content=\"es_ES\" \/>\n<meta property=\"og:type\" content=\"article\" \/>\n<meta property=\"og:title\" content=\"Pol\u00edtica de privacidad | Les Notaires Unis - Gen\u00e8ve\" \/>\n<meta property=\"og:description\" content=\"[vc_row][vc_column][vc_column_text css=&#8221;&#8221;] POL\u00cdTICA DE PRIVACIDAD1. Protecci\u00f3n de datos Les Notaires Unis se toma muy en serio la protecci\u00f3n de sus datos personales. Tratamos sus datos personales de forma confidencial y de conformidad con las disposiciones legales de la Ley Federal Suiza de Protecci\u00f3n de Datos (nLPD) y la presente declaraci\u00f3n de protecci\u00f3n de datos. Puede [&hellip;]\" \/>\n<meta property=\"og:url\" content=\"https:\/\/www.lesnotairesunis.ch\/es\/politica-de-privacidad\/\" \/>\n<meta property=\"og:site_name\" content=\"Les Notaires Unis - Gen\u00e8ve\" \/>\n<meta property=\"article:modified_time\" content=\"2026-02-05T10:18:35+00:00\" \/>\n<meta property=\"og:image\" content=\"https:\/\/www.lesnotairesunis.ch\/wp-content\/uploads\/2023\/06\/Les-Notairs-Unis-accueil-3-scaled.jpg\" \/>\n\t<meta property=\"og:image:width\" content=\"2560\" \/>\n\t<meta property=\"og:image:height\" content=\"1707\" \/>\n\t<meta property=\"og:image:type\" content=\"image\/jpeg\" \/>\n<meta name=\"twitter:card\" content=\"summary_large_image\" \/>\n<meta name=\"twitter:label1\" content=\"Tiempo de lectura\" \/>\n\t<meta name=\"twitter:data1\" content=\"4 minutos\" \/>\n<script type=\"application\/ld+json\" class=\"yoast-schema-graph\">{\"@context\":\"https:\/\/schema.org\",\"@graph\":[{\"@type\":\"WebPage\",\"@id\":\"https:\/\/www.lesnotairesunis.ch\/es\/politica-de-privacidad\/\",\"url\":\"https:\/\/www.lesnotairesunis.ch\/es\/politica-de-privacidad\/\",\"name\":\"Pol\u00edtica de privacidad | Les Notaires Unis - Gen\u00e8ve\",\"isPartOf\":{\"@id\":\"https:\/\/www.lesnotairesunis.ch\/es\/#website\"},\"datePublished\":\"2023-03-20T16:55:55+00:00\",\"dateModified\":\"2026-02-05T10:18:35+00:00\",\"breadcrumb\":{\"@id\":\"https:\/\/www.lesnotairesunis.ch\/es\/politica-de-privacidad\/#breadcrumb\"},\"inLanguage\":\"es\",\"potentialAction\":[{\"@type\":\"ReadAction\",\"target\":[\"https:\/\/www.lesnotairesunis.ch\/es\/politica-de-privacidad\/\"]}]},{\"@type\":\"BreadcrumbList\",\"@id\":\"https:\/\/www.lesnotairesunis.ch\/es\/politica-de-privacidad\/#breadcrumb\",\"itemListElement\":[{\"@type\":\"ListItem\",\"position\":1,\"name\":\"Accueil\",\"item\":\"https:\/\/www.lesnotairesunis.ch\/es\/\"},{\"@type\":\"ListItem\",\"position\":2,\"name\":\"Pol\u00edtica de privacidad\"}]},{\"@type\":\"WebSite\",\"@id\":\"https:\/\/www.lesnotairesunis.ch\/es\/#website\",\"url\":\"https:\/\/www.lesnotairesunis.ch\/es\/\",\"name\":\"Les Notaires Unis - Gen\u00e8ve\",\"description\":\"\",\"publisher\":{\"@id\":\"https:\/\/www.lesnotairesunis.ch\/es\/#organization\"},\"potentialAction\":[{\"@type\":\"SearchAction\",\"target\":{\"@type\":\"EntryPoint\",\"urlTemplate\":\"https:\/\/www.lesnotairesunis.ch\/es\/?s={search_term_string}\"},\"query-input\":{\"@type\":\"PropertyValueSpecification\",\"valueRequired\":true,\"valueName\":\"search_term_string\"}}],\"inLanguage\":\"es\"},{\"@type\":\"Organization\",\"@id\":\"https:\/\/www.lesnotairesunis.ch\/es\/#organization\",\"name\":\"Les Notaires Unis - Gen\u00e8ve\",\"alternateName\":\"Les Notaires Unis\",\"url\":\"https:\/\/www.lesnotairesunis.ch\/es\/\",\"logo\":{\"@type\":\"ImageObject\",\"inLanguage\":\"es\",\"@id\":\"https:\/\/www.lesnotairesunis.ch\/es\/#\/schema\/logo\/image\/\",\"url\":\"https:\/\/www.lesnotairesunis.ch\/wp-content\/uploads\/2023\/07\/logo-notaires.png\",\"contentUrl\":\"https:\/\/www.lesnotairesunis.ch\/wp-content\/uploads\/2023\/07\/logo-notaires.png\",\"width\":255,\"height\":137,\"caption\":\"Les Notaires Unis - Gen\u00e8ve\"},\"image\":{\"@id\":\"https:\/\/www.lesnotairesunis.ch\/es\/#\/schema\/logo\/image\/\"}}]}<\/script>\n<!-- \/ Yoast SEO plugin. -->","yoast_head_json":{"title":"Pol\u00edtica de privacidad | Les Notaires Unis - Gen\u00e8ve","robots":{"index":"index","follow":"follow","max-snippet":"max-snippet:-1","max-image-preview":"max-image-preview:large","max-video-preview":"max-video-preview:-1"},"canonical":"https:\/\/www.lesnotairesunis.ch\/es\/politica-de-privacidad\/","og_locale":"es_ES","og_type":"article","og_title":"Pol\u00edtica de privacidad | Les Notaires Unis - Gen\u00e8ve","og_description":"[vc_row][vc_column][vc_column_text css=&#8221;&#8221;] POL\u00cdTICA DE PRIVACIDAD1. Protecci\u00f3n de datos Les Notaires Unis se toma muy en serio la protecci\u00f3n de sus datos personales. Tratamos sus datos personales de forma confidencial y de conformidad con las disposiciones legales de la Ley Federal Suiza de Protecci\u00f3n de Datos (nLPD) y la presente declaraci\u00f3n de protecci\u00f3n de datos. Puede [&hellip;]","og_url":"https:\/\/www.lesnotairesunis.ch\/es\/politica-de-privacidad\/","og_site_name":"Les Notaires Unis - Gen\u00e8ve","article_modified_time":"2026-02-05T10:18:35+00:00","og_image":[{"width":2560,"height":1707,"url":"https:\/\/www.lesnotairesunis.ch\/wp-content\/uploads\/2023\/06\/Les-Notairs-Unis-accueil-3-scaled.jpg","type":"image\/jpeg"}],"twitter_card":"summary_large_image","twitter_misc":{"Tiempo de lectura":"4 minutos"},"schema":{"@context":"https:\/\/schema.org","@graph":[{"@type":"WebPage","@id":"https:\/\/www.lesnotairesunis.ch\/es\/politica-de-privacidad\/","url":"https:\/\/www.lesnotairesunis.ch\/es\/politica-de-privacidad\/","name":"Pol\u00edtica de privacidad | Les Notaires Unis - Gen\u00e8ve","isPartOf":{"@id":"https:\/\/www.lesnotairesunis.ch\/es\/#website"},"datePublished":"2023-03-20T16:55:55+00:00","dateModified":"2026-02-05T10:18:35+00:00","breadcrumb":{"@id":"https:\/\/www.lesnotairesunis.ch\/es\/politica-de-privacidad\/#breadcrumb"},"inLanguage":"es","potentialAction":[{"@type":"ReadAction","target":["https:\/\/www.lesnotairesunis.ch\/es\/politica-de-privacidad\/"]}]},{"@type":"BreadcrumbList","@id":"https:\/\/www.lesnotairesunis.ch\/es\/politica-de-privacidad\/#breadcrumb","itemListElement":[{"@type":"ListItem","position":1,"name":"Accueil","item":"https:\/\/www.lesnotairesunis.ch\/es\/"},{"@type":"ListItem","position":2,"name":"Pol\u00edtica de privacidad"}]},{"@type":"WebSite","@id":"https:\/\/www.lesnotairesunis.ch\/es\/#website","url":"https:\/\/www.lesnotairesunis.ch\/es\/","name":"Les Notaires Unis - Gen\u00e8ve","description":"","publisher":{"@id":"https:\/\/www.lesnotairesunis.ch\/es\/#organization"},"potentialAction":[{"@type":"SearchAction","target":{"@type":"EntryPoint","urlTemplate":"https:\/\/www.lesnotairesunis.ch\/es\/?s={search_term_string}"},"query-input":{"@type":"PropertyValueSpecification","valueRequired":true,"valueName":"search_term_string"}}],"inLanguage":"es"},{"@type":"Organization","@id":"https:\/\/www.lesnotairesunis.ch\/es\/#organization","name":"Les Notaires Unis - Gen\u00e8ve","alternateName":"Les Notaires Unis","url":"https:\/\/www.lesnotairesunis.ch\/es\/","logo":{"@type":"ImageObject","inLanguage":"es","@id":"https:\/\/www.lesnotairesunis.ch\/es\/#\/schema\/logo\/image\/","url":"https:\/\/www.lesnotairesunis.ch\/wp-content\/uploads\/2023\/07\/logo-notaires.png","contentUrl":"https:\/\/www.lesnotairesunis.ch\/wp-content\/uploads\/2023\/07\/logo-notaires.png","width":255,"height":137,"caption":"Les Notaires Unis - Gen\u00e8ve"},"image":{"@id":"https:\/\/www.lesnotairesunis.ch\/es\/#\/schema\/logo\/image\/"}}]}},"_links":{"self":[{"href":"https:\/\/www.lesnotairesunis.ch\/es\/wp-json\/wp\/v2\/pages\/3657","targetHints":{"allow":["GET"]}}],"collection":[{"href":"https:\/\/www.lesnotairesunis.ch\/es\/wp-json\/wp\/v2\/pages"}],"about":[{"href":"https:\/\/www.lesnotairesunis.ch\/es\/wp-json\/wp\/v2\/types\/page"}],"author":[{"embeddable":true,"href":"https:\/\/www.lesnotairesunis.ch\/es\/wp-json\/wp\/v2\/users\/1"}],"replies":[{"embeddable":true,"href":"https:\/\/www.lesnotairesunis.ch\/es\/wp-json\/wp\/v2\/comments?post=3657"}],"version-history":[{"count":1,"href":"https:\/\/www.lesnotairesunis.ch\/es\/wp-json\/wp\/v2\/pages\/3657\/revisions"}],"predecessor-version":[{"id":4933,"href":"https:\/\/www.lesnotairesunis.ch\/es\/wp-json\/wp\/v2\/pages\/3657\/revisions\/4933"}],"wp:attachment":[{"href":"https:\/\/www.lesnotairesunis.ch\/es\/wp-json\/wp\/v2\/media?parent=3657"}],"curies":[{"name":"wp","href":"https:\/\/api.w.org\/{rel}","templated":true}]}}