{"id":3662,"date":"2025-02-26T14:22:16","date_gmt":"2025-02-26T13:22:16","guid":{"rendered":"https:\/\/www.lesnotairesunis.ch\/politique-de-cookies\/"},"modified":"2026-02-05T11:18:53","modified_gmt":"2026-02-05T10:18:53","slug":"politica-de-cookies","status":"publish","type":"page","link":"https:\/\/www.lesnotairesunis.ch\/es\/politica-de-cookies\/","title":{"rendered":"Pol\u00edtica de cookies"},"content":{"rendered":"<div class=\"wpb-content-wrapper\"><p>[vc_row][vc_column][vc_column_text css=&#8221;&#8221;]<\/p>\n<h2>Declaraci\u00f3n sobre cookies<\/h2>\n<p>Actualizada el 26 de febrero de 2025.<\/p>\n<h3>\u00bfQu\u00e9 son las cookies?<\/h3>\n<p>Las cookies son peque\u00f1os archivos de texto que los sitios web que visita colocan en su ordenador. Se utilizan ampliamente para hacer que los sitios funcionen, o funcionen de manera m\u00e1s eficiente, y para proporcionar informaci\u00f3n a los propietarios del sitio.<\/p>\n<h3>\u00bfC\u00f3mo y por qu\u00e9 utilizamos cookies?<\/h3>\n<p>Utilizamos cookies para mejorar el uso y el funcionamiento de nuestro sitio y para entender mejor c\u00f3mo los visitantes utilizan nuestros sitios y las herramientas y servicios ofrecidos en nuestro sitio. Almacenar cookies en su ordenador es una forma f\u00e1cil y pr\u00e1ctica de personalizar o mejorar su experiencia de navegaci\u00f3n en nuestro sitio y de hacer que su pr\u00f3xima visita sea m\u00e1s agradable. No utilizamos cookies para recoger informaci\u00f3n personal como su nombre.<\/p>\n<h3>\u00bfQu\u00e9 son los scripts?<\/h3>\n<p>Un script es un fragmento de c\u00f3digo utilizado para garantizar que nuestro sitio web funcione correctamente y de forma interactiva. Este c\u00f3digo se ejecuta en nuestro servidor o en su dispositivo.<\/p>\n<h3>\u00bfQu\u00e9 es una etiqueta invisible?<\/h3>\n<p>Una etiqueta invisible (o baliza web) es un peque\u00f1o fragmento de texto o imagen invisible en un sitio web, que se utiliza para rastrear el tr\u00e1fico en un sitio web. Para ello, se almacenan diversos datos sobre usted mediante etiquetas invisibles.<\/p>\n<h3>Tipo de cookie<\/h3>\n<h4>Cookies t\u00e9cnicas o funcionales<\/h4>\n<p>Algunas cookies garantizan que determinadas partes del sitio web funcionen correctamente y que se tengan en cuenta sus preferencias como usuario. Mediante la instalaci\u00f3n de cookies funcionales, le facilitamos la visita a nuestro sitio web. Por ejemplo, no tiene que introducir la misma informaci\u00f3n varias veces al visitar nuestro sitio web y los art\u00edculos permanecen en su cesta de la compra hasta que paga. Podemos colocar estas cookies sin su consentimiento.<\/p>\n<h4>Cookies estad\u00edsticas<\/h4>\n<p>Utilizamos cookies estad\u00edsticas para optimizar la experiencia del usuario en nuestro sitio web. Con estas cookies estad\u00edsticas, obtenemos observaciones sobre el uso de nuestro sitio web. Le pedimos su permiso para instalar cookies estad\u00edsticas.<\/p>\n<h4>Cookies de marketing\/seguimiento<\/h4>\n<p>Las cookies de marketing\/seguimiento son cookies o cualquier otra forma de almacenamiento local utilizadas para crear perfiles de usuario con el fin de mostrar publicidad o seguir al usuario en este sitio web o en varios sitios web con fines de marketing similares.<\/p>\n<h4>Botones de redes sociales<\/h4>\n<p>Hemos incluido botones en nuestro sitio web para que Facebook, Instagram y Pinterest puedan promocionar p\u00e1ginas web (por ejemplo, \u00abMe gusta\u00bb, \u00abGuardar\u00bb) o compartir (por ejemplo, \u00abTweet\u00bb) en redes sociales como Facebook, Instagram y Pinterest. Estos botones funcionan con piezas de c\u00f3digo de los propios Facebook, Instagram y Pinterest. Este c\u00f3digo coloca cookies. Estos botones de redes sociales tambi\u00e9n pueden almacenar y procesar cierta informaci\u00f3n para mostrarle publicidad personalizada.<\/p>\n<p>Lea la declaraci\u00f3n de privacidad de estas redes sociales (que puede modificarse de vez en cuando) para saber qu\u00e9 hacen con sus datos (personales) procesados mediante estas cookies. Los datos recogidos se anonimizan en la medida de lo posible. Facebook, Instagram y Pinterest est\u00e1n ubicadas en Estados Unidos.<\/p>\n<h4>\u00bfC\u00f3mo puedo controlar la configuraci\u00f3n de mis cookies?<\/h4>\n<p>La mayor\u00eda de los navegadores est\u00e1n configurados para aceptar cookies autom\u00e1ticamente. Puede cambiar la configuraci\u00f3n para bloquear las cookies o para que se le avise cuando se env\u00eden cookies a su dispositivo. Hay varias formas de gestionar las cookies. Siga las instrucciones que se indican a continuaci\u00f3n para gestionar las cookies a trav\u00e9s de su navegador. Si lo hace, es posible que no pueda registrarse en nuestro sitio web o utilizar otras funciones que requieran el registro o la recopilaci\u00f3n de informaci\u00f3n.<\/p>\n<p><strong>Explorador de Internet<\/strong><\/p>\n<p>Haga clic en el icono \u00abHerramientas\u00bb y seleccione \u00abOpciones de Internet\u00bb. Seleccione la pesta\u00f1a \u00abConfidencialidad\u00bb y, a continuaci\u00f3n, mueva el cursor para elegir la configuraci\u00f3n. Para una configuraci\u00f3n m\u00e1s detallada de la confidencialidad, haga clic en \u00abConfiguraci\u00f3n avanzada\u00bb.<\/p>\n<p><strong>Safari<\/strong><\/p>\n<p>Seleccione \u00abPreferencias\u00bb en el men\u00fa Safari y, a continuaci\u00f3n, \u00abSeguridad\u00bb. A continuaci\u00f3n, puedes seleccionar la configuraci\u00f3n de las cookies.<\/p>\n<p><strong>Mozilla Firefox<\/strong><\/p>\n<p>Haz clic en \u00abMen\u00fa\u00bb, \u00abOpciones\u00bb, \u00abPrivacidad\u00bb y \u00abCookies\u00bb. A continuaci\u00f3n, podr\u00e1 seleccionar su configuraci\u00f3n.<\/p>\n<p><strong>Google Chrome<\/strong><\/p>\n<p>Haz clic en el men\u00fa \u00abHerramientas\u00bb y, a continuaci\u00f3n, selecciona \u00abOpciones\u00bb. Seleccione la pesta\u00f1a \u00abBajo el cap\u00f3\u00bb y, a continuaci\u00f3n, la secci\u00f3n \u00abConfidencialidad\u00bb. Seleccione la pesta\u00f1a \u00abConfiguraci\u00f3n de contenido\u00bb y, a continuaci\u00f3n, elija su configuraci\u00f3n.<\/p>\n<h3>Actualizaci\u00f3n de la informaci\u00f3n legal<\/h3>\n<p>Nos reservamos el derecho a introducir modificaciones y correcciones en estas disposiciones. Por favor, consulte esta p\u00e1gina con regularidad para conocer los cambios y la nueva informaci\u00f3n.[\/vc_column_text][\/vc_column][\/vc_row]<\/p>\n<\/div>","protected":false},"excerpt":{"rendered":"<p>[vc_row][vc_column][vc_column_text css=&#8221;&#8221;] Declaraci\u00f3n sobre cookies Actualizada el 26 de febrero de 2025. \u00bfQu\u00e9 son las cookies? Las cookies son peque\u00f1os archivos de texto que los sitios web que visita colocan en su ordenador. Se utilizan ampliamente para hacer que los sitios funcionen, o funcionen de manera m\u00e1s eficiente, y para proporcionar informaci\u00f3n a los propietarios [&hellip;]<\/p>\n","protected":false},"author":1,"featured_media":0,"parent":0,"menu_order":0,"comment_status":"closed","ping_status":"closed","template":"","meta":{"footnotes":""},"class_list":["post-3662","page","type-page","status-publish","hentry"],"yoast_head":"<!-- This site is optimized with the Yoast SEO plugin v26.9 - https:\/\/yoast.com\/product\/yoast-seo-wordpress\/ -->\n<title>Pol\u00edtica de cookies | Les Notaires Unis - Gen\u00e8ve<\/title>\n<meta name=\"robots\" content=\"index, follow, max-snippet:-1, max-image-preview:large, max-video-preview:-1\" \/>\n<link rel=\"canonical\" href=\"https:\/\/www.lesnotairesunis.ch\/es\/politica-de-cookies\/\" \/>\n<meta property=\"og:locale\" content=\"es_ES\" \/>\n<meta property=\"og:type\" content=\"article\" \/>\n<meta property=\"og:title\" content=\"Pol\u00edtica de cookies | Les Notaires Unis - Gen\u00e8ve\" \/>\n<meta property=\"og:description\" content=\"[vc_row][vc_column][vc_column_text css=&#8221;&#8221;] Declaraci\u00f3n sobre cookies Actualizada el 26 de febrero de 2025. \u00bfQu\u00e9 son las cookies? Las cookies son peque\u00f1os archivos de texto que los sitios web que visita colocan en su ordenador. Se utilizan ampliamente para hacer que los sitios funcionen, o funcionen de manera m\u00e1s eficiente, y para proporcionar informaci\u00f3n a los propietarios [&hellip;]\" \/>\n<meta property=\"og:url\" content=\"https:\/\/www.lesnotairesunis.ch\/es\/politica-de-cookies\/\" \/>\n<meta property=\"og:site_name\" content=\"Les Notaires Unis - Gen\u00e8ve\" \/>\n<meta property=\"article:modified_time\" content=\"2026-02-05T10:18:53+00:00\" \/>\n<meta property=\"og:image\" content=\"https:\/\/www.lesnotairesunis.ch\/wp-content\/uploads\/2023\/06\/Les-Notairs-Unis-accueil-3-scaled.jpg\" \/>\n\t<meta property=\"og:image:width\" content=\"2560\" \/>\n\t<meta property=\"og:image:height\" content=\"1707\" \/>\n\t<meta property=\"og:image:type\" content=\"image\/jpeg\" \/>\n<meta name=\"twitter:card\" content=\"summary_large_image\" \/>\n<meta name=\"twitter:label1\" content=\"Tiempo de lectura\" \/>\n\t<meta name=\"twitter:data1\" content=\"4 minutos\" \/>\n<script type=\"application\/ld+json\" class=\"yoast-schema-graph\">{\"@context\":\"https:\/\/schema.org\",\"@graph\":[{\"@type\":\"WebPage\",\"@id\":\"https:\/\/www.lesnotairesunis.ch\/es\/politica-de-cookies\/\",\"url\":\"https:\/\/www.lesnotairesunis.ch\/es\/politica-de-cookies\/\",\"name\":\"Pol\u00edtica de cookies | Les Notaires Unis - Gen\u00e8ve\",\"isPartOf\":{\"@id\":\"https:\/\/www.lesnotairesunis.ch\/es\/#website\"},\"datePublished\":\"2025-02-26T13:22:16+00:00\",\"dateModified\":\"2026-02-05T10:18:53+00:00\",\"breadcrumb\":{\"@id\":\"https:\/\/www.lesnotairesunis.ch\/es\/politica-de-cookies\/#breadcrumb\"},\"inLanguage\":\"es\",\"potentialAction\":[{\"@type\":\"ReadAction\",\"target\":[\"https:\/\/www.lesnotairesunis.ch\/es\/politica-de-cookies\/\"]}]},{\"@type\":\"BreadcrumbList\",\"@id\":\"https:\/\/www.lesnotairesunis.ch\/es\/politica-de-cookies\/#breadcrumb\",\"itemListElement\":[{\"@type\":\"ListItem\",\"position\":1,\"name\":\"Accueil\",\"item\":\"https:\/\/www.lesnotairesunis.ch\/es\/\"},{\"@type\":\"ListItem\",\"position\":2,\"name\":\"Pol\u00edtica de cookies\"}]},{\"@type\":\"WebSite\",\"@id\":\"https:\/\/www.lesnotairesunis.ch\/es\/#website\",\"url\":\"https:\/\/www.lesnotairesunis.ch\/es\/\",\"name\":\"Les Notaires Unis - Gen\u00e8ve\",\"description\":\"\",\"publisher\":{\"@id\":\"https:\/\/www.lesnotairesunis.ch\/es\/#organization\"},\"potentialAction\":[{\"@type\":\"SearchAction\",\"target\":{\"@type\":\"EntryPoint\",\"urlTemplate\":\"https:\/\/www.lesnotairesunis.ch\/es\/?s={search_term_string}\"},\"query-input\":{\"@type\":\"PropertyValueSpecification\",\"valueRequired\":true,\"valueName\":\"search_term_string\"}}],\"inLanguage\":\"es\"},{\"@type\":\"Organization\",\"@id\":\"https:\/\/www.lesnotairesunis.ch\/es\/#organization\",\"name\":\"Les Notaires Unis - Gen\u00e8ve\",\"alternateName\":\"Les Notaires Unis\",\"url\":\"https:\/\/www.lesnotairesunis.ch\/es\/\",\"logo\":{\"@type\":\"ImageObject\",\"inLanguage\":\"es\",\"@id\":\"https:\/\/www.lesnotairesunis.ch\/es\/#\/schema\/logo\/image\/\",\"url\":\"https:\/\/www.lesnotairesunis.ch\/wp-content\/uploads\/2023\/07\/logo-notaires.png\",\"contentUrl\":\"https:\/\/www.lesnotairesunis.ch\/wp-content\/uploads\/2023\/07\/logo-notaires.png\",\"width\":255,\"height\":137,\"caption\":\"Les Notaires Unis - Gen\u00e8ve\"},\"image\":{\"@id\":\"https:\/\/www.lesnotairesunis.ch\/es\/#\/schema\/logo\/image\/\"}}]}<\/script>\n<!-- \/ Yoast SEO plugin. -->","yoast_head_json":{"title":"Pol\u00edtica de cookies | Les Notaires Unis - Gen\u00e8ve","robots":{"index":"index","follow":"follow","max-snippet":"max-snippet:-1","max-image-preview":"max-image-preview:large","max-video-preview":"max-video-preview:-1"},"canonical":"https:\/\/www.lesnotairesunis.ch\/es\/politica-de-cookies\/","og_locale":"es_ES","og_type":"article","og_title":"Pol\u00edtica de cookies | Les Notaires Unis - Gen\u00e8ve","og_description":"[vc_row][vc_column][vc_column_text css=&#8221;&#8221;] Declaraci\u00f3n sobre cookies Actualizada el 26 de febrero de 2025. \u00bfQu\u00e9 son las cookies? Las cookies son peque\u00f1os archivos de texto que los sitios web que visita colocan en su ordenador. Se utilizan ampliamente para hacer que los sitios funcionen, o funcionen de manera m\u00e1s eficiente, y para proporcionar informaci\u00f3n a los propietarios [&hellip;]","og_url":"https:\/\/www.lesnotairesunis.ch\/es\/politica-de-cookies\/","og_site_name":"Les Notaires Unis - Gen\u00e8ve","article_modified_time":"2026-02-05T10:18:53+00:00","og_image":[{"width":2560,"height":1707,"url":"https:\/\/www.lesnotairesunis.ch\/wp-content\/uploads\/2023\/06\/Les-Notairs-Unis-accueil-3-scaled.jpg","type":"image\/jpeg"}],"twitter_card":"summary_large_image","twitter_misc":{"Tiempo de lectura":"4 minutos"},"schema":{"@context":"https:\/\/schema.org","@graph":[{"@type":"WebPage","@id":"https:\/\/www.lesnotairesunis.ch\/es\/politica-de-cookies\/","url":"https:\/\/www.lesnotairesunis.ch\/es\/politica-de-cookies\/","name":"Pol\u00edtica de cookies | Les Notaires Unis - Gen\u00e8ve","isPartOf":{"@id":"https:\/\/www.lesnotairesunis.ch\/es\/#website"},"datePublished":"2025-02-26T13:22:16+00:00","dateModified":"2026-02-05T10:18:53+00:00","breadcrumb":{"@id":"https:\/\/www.lesnotairesunis.ch\/es\/politica-de-cookies\/#breadcrumb"},"inLanguage":"es","potentialAction":[{"@type":"ReadAction","target":["https:\/\/www.lesnotairesunis.ch\/es\/politica-de-cookies\/"]}]},{"@type":"BreadcrumbList","@id":"https:\/\/www.lesnotairesunis.ch\/es\/politica-de-cookies\/#breadcrumb","itemListElement":[{"@type":"ListItem","position":1,"name":"Accueil","item":"https:\/\/www.lesnotairesunis.ch\/es\/"},{"@type":"ListItem","position":2,"name":"Pol\u00edtica de cookies"}]},{"@type":"WebSite","@id":"https:\/\/www.lesnotairesunis.ch\/es\/#website","url":"https:\/\/www.lesnotairesunis.ch\/es\/","name":"Les Notaires Unis - Gen\u00e8ve","description":"","publisher":{"@id":"https:\/\/www.lesnotairesunis.ch\/es\/#organization"},"potentialAction":[{"@type":"SearchAction","target":{"@type":"EntryPoint","urlTemplate":"https:\/\/www.lesnotairesunis.ch\/es\/?s={search_term_string}"},"query-input":{"@type":"PropertyValueSpecification","valueRequired":true,"valueName":"search_term_string"}}],"inLanguage":"es"},{"@type":"Organization","@id":"https:\/\/www.lesnotairesunis.ch\/es\/#organization","name":"Les Notaires Unis - Gen\u00e8ve","alternateName":"Les Notaires Unis","url":"https:\/\/www.lesnotairesunis.ch\/es\/","logo":{"@type":"ImageObject","inLanguage":"es","@id":"https:\/\/www.lesnotairesunis.ch\/es\/#\/schema\/logo\/image\/","url":"https:\/\/www.lesnotairesunis.ch\/wp-content\/uploads\/2023\/07\/logo-notaires.png","contentUrl":"https:\/\/www.lesnotairesunis.ch\/wp-content\/uploads\/2023\/07\/logo-notaires.png","width":255,"height":137,"caption":"Les Notaires Unis - Gen\u00e8ve"},"image":{"@id":"https:\/\/www.lesnotairesunis.ch\/es\/#\/schema\/logo\/image\/"}}]}},"_links":{"self":[{"href":"https:\/\/www.lesnotairesunis.ch\/es\/wp-json\/wp\/v2\/pages\/3662","targetHints":{"allow":["GET"]}}],"collection":[{"href":"https:\/\/www.lesnotairesunis.ch\/es\/wp-json\/wp\/v2\/pages"}],"about":[{"href":"https:\/\/www.lesnotairesunis.ch\/es\/wp-json\/wp\/v2\/types\/page"}],"author":[{"embeddable":true,"href":"https:\/\/www.lesnotairesunis.ch\/es\/wp-json\/wp\/v2\/users\/1"}],"replies":[{"embeddable":true,"href":"https:\/\/www.lesnotairesunis.ch\/es\/wp-json\/wp\/v2\/comments?post=3662"}],"version-history":[{"count":1,"href":"https:\/\/www.lesnotairesunis.ch\/es\/wp-json\/wp\/v2\/pages\/3662\/revisions"}],"predecessor-version":[{"id":4934,"href":"https:\/\/www.lesnotairesunis.ch\/es\/wp-json\/wp\/v2\/pages\/3662\/revisions\/4934"}],"wp:attachment":[{"href":"https:\/\/www.lesnotairesunis.ch\/es\/wp-json\/wp\/v2\/media?parent=3662"}],"curies":[{"name":"wp","href":"https:\/\/api.w.org\/{rel}","templated":true}]}}