{"id":4943,"date":"2025-02-26T14:22:16","date_gmt":"2025-02-26T13:22:16","guid":{"rendered":"https:\/\/www.lesnotairesunis.ch\/politica-sui-cookie\/"},"modified":"2026-02-05T11:57:27","modified_gmt":"2026-02-05T10:57:27","slug":"politica-sui-cookie","status":"publish","type":"page","link":"https:\/\/www.lesnotairesunis.ch\/it\/politica-sui-cookie\/","title":{"rendered":"Politica sui cookie"},"content":{"rendered":"<div class=\"wpb-content-wrapper\"><p>[vc_row][vc_column][vc_column_text css=&#8221;&#8221;]<\/p>\n<h2>Informativa sui cookie<\/h2>\n<dl class=\"article-info\">\n<dd class=\"modified\"><time datetime=\"2023-07-10T08:11:40+00:00\">Aggiornato il 26 febbraio 2025.<\/time><\/dd>\n<\/dl>\n<div>\n<p>&nbsp;<\/p>\n<h3>Cosa sono i cookie?<\/h3>\n<p>I cookie sono piccoli file di testo che vengono memorizzati sul tuo computer dai siti web che visiti. Sono ampiamente utilizzati per garantire il funzionamento dei siti web, o per renderli pi\u00f9 efficienti, nonch\u00e9 per fornire informazioni ai proprietari dei siti stessi. <\/p>\n<h3>Come e perch\u00e9 utilizziamo i cookie?<\/h3>\n<p>Utilizziamo i cookie per migliorare l&#8217;utilizzo e il funzionamento del nostro sito e per comprendere meglio il modo in cui i visitatori utilizzano i nostri siti e gli strumenti e i servizi offerti sul nostro sito. La memorizzazione dei cookie sul tuo computer \u00e8 per noi un modo semplice e pratico per personalizzare o migliorare la tua navigazione sul nostro sito e rendere pi\u00f9 piacevole la tua prossima visita. Non utilizziamo i cookie per raccogliere informazioni personali come il tuo nome.  <\/p>\n<h3 class=\"p1\"><span class=\"s1\">Cosa sono gli script?<\/span><\/h3>\n<p class=\"p2\"><span class=\"s1\">Uno script \u00e8 un elemento di codice utilizzato per garantire il corretto funzionamento e l&#8217;interattivit\u00e0 del nostro sito web. Questo codice viene eseguito sul nostro server o sul tuo dispositivo. <\/span><\/p>\n<h3 class=\"p1\"><span class=\"s1\">Che cos&#8217;\u00e8 un tag invisibile?<\/span><\/h3>\n<p class=\"p2\"><span class=\"s1\">Un tag invisibile (o web beacon) \u00e8 un piccolo frammento di testo o immagine invisibile su un sito web, utilizzato per tracciare il traffico su un sito web. A tal fine, vengono memorizzati vari dati che ti riguardano utilizzando tag invisibili. <\/span><\/p>\n<h3 class=\"p1\"><span class=\"s1\">Tipi di cookie<\/span><\/h3>\n<h4 class=\"p2\"><span class=\"s1\">Cookie tecnici o funzionali<\/span><\/h4>\n<p class=\"p2\"><span class=\"s1\">Alcuni cookie garantiscono il corretto funzionamento di alcune parti del sito web e tengono conto delle preferenze dell&#8217;utente. L&#8217;installazione di cookie funzionali facilita la navigazione sul nostro sito web. In questo modo, non \u00e8 necessario inserire pi\u00f9 volte le stesse informazioni durante la visita al nostro sito web e, ad esempio, gli articoli rimangono nel carrello fino al momento del pagamento. Possiamo installare questi cookie senza il consenso dell&#8217;utente.   <\/span><\/p>\n<h4 class=\"p2\"><span class=\"s1\">Cookie statistici<\/span><\/h4>\n<p class=\"p2\"><span class=\"s1\">Utilizziamo cookie statistici per ottimizzare l&#8217;esperienza degli utenti sul nostro sito web. Questi cookie statistici ci consentono di ottenere informazioni sull&#8217;utilizzo del nostro sito web. Chiediamo il tuo consenso per l&#8217;installazione dei cookie statistici.  <\/span><\/p>\n<h4 class=\"p2\"><span class=\"s1\">Cookie di marketing\/monitoraggio<\/span><\/h4>\n<p class=\"p2\"><span class=\"s1\">I cookie di marketing\/tracciamento sono cookie o qualsiasi altra forma di archiviazione locale utilizzati per creare profili utente al fine di visualizzare pubblicit\u00e0 o tracciare l&#8217;utente su questo sito web o su pi\u00f9 siti web per finalit\u00e0 di marketing simili.<\/span><\/p>\n<h4 class=\"p2\"><span class=\"s1\">Pulsanti dei social network<\/span><\/h4>\n<p class=\"p2\"><span class=\"s1\">Sul nostro sito web abbiamo inserito dei pulsanti che consentono a Facebook, Instagram e Pinterest di promuovere pagine web (ad es. \u201cMi piace\u201d, \u2018Salva\u2019) o condividerle (ad es. \u201cTweet\u201d) sui social network come Facebook, Instagram e Pinterest. Questi pulsanti funzionano con frammenti di codice provenienti dagli stessi Facebook, Instagram e Pinterest. Questo codice inserisce dei cookie. Questi pulsanti dei social network possono anche memorizzare ed elaborare alcune informazioni al fine di mostrarti pubblicit\u00e0 personalizzate.   <\/span><\/p>\n<p class=\"p2\"><span class=\"s1\">Si prega di leggere l&#8217;informativa sulla privacy di questi social network (che pu\u00f2 essere modificata regolarmente) per sapere come trattano i dati (personali) raccolti tramite questi cookie. I dati raccolti sono resi anonimi nella misura massima possibile. Facebook, Instagram e Pinterest hanno sede negli Stati Uniti.  <\/span><\/p>\n<h3>Come posso controllare le mie impostazioni relative ai cookie?<\/h3>\n<p>La maggior parte dei browser \u00e8 inizialmente impostata per accettare automaticamente i cookie. \u00c8 possibile modificare le impostazioni per bloccare i cookie o ricevere un avviso quando vengono inviati al proprio dispositivo. Esistono diversi modi per gestire i cookie. Seguire le istruzioni fornite di seguito per gestire i cookie utilizzando il browser. In tal caso, potrebbe non essere possibile registrarsi sul nostro sito web o utilizzare altre funzioni che richiedono la registrazione o la raccolta di informazioni.    <\/p>\n<p><strong>Internet Explorer<\/strong><\/p>\n<p>Clicca sull&#8217;icona \u201cStrumenti\u201d, quindi seleziona \u201cOpzioni Internet\u201d. Seleziona la scheda \u2018Privacy\u2019 e sposta il cursore per scegliere le impostazioni desiderate. Per impostazioni di privacy pi\u00f9 dettagliate, clicca su \u201cImpostazioni avanzate\u201d.  <\/p>\n<p><strong>Safari<\/strong><\/p>\n<p>Seleziona \u201cPreferenze\u201d dal menu Safari, quindi seleziona \u201cSicurezza\u201d. A questo punto potrai selezionare le impostazioni relative ai cookie. <\/p>\n<p><strong>Mozilla Firefox<\/strong><\/p>\n<p>Clicca su \u201cMenu\u201d, \u201cOpzioni\u201d, \u2018Privacy\u2019 e poi \u201cCookie\u201d. A questo punto puoi scegliere le tue impostazioni. <\/p>\n<p><strong>Google Chrome<\/strong><\/p>\n<p>Clicca sul menu \u201cStrumenti\u201d e seleziona \u201cOpzioni\u201d. Seleziona la scheda \u201cUnder the Hood\u201d e poi la sezione \u2018Privacy\u2019. Seleziona la scheda \u201cImpostazioni contenuti\u201d e scegli le tue impostazioni.  <\/p>\n<h3>Aggiornamento delle informazioni legali<\/h3>\n<p>Nous nous r\u00e9servons le droit d\u2019apporter tous changements et corrections aux pr\u00e9sentes dispositions. Veuillez consulter la pr\u00e9sente page r\u00e9guli\u00e8rement pour prendre connaissance des changements et des nouvelles informations. <\/p>\n<\/div>\n<p>[\/vc_column_text][\/vc_column][\/vc_row]<\/p>\n<\/div>","protected":false},"excerpt":{"rendered":"<p>[vc_row][vc_column][vc_column_text css=&#8221;&#8221;] Informativa sui cookie Aggiornato il 26 febbraio 2025. &nbsp; Cosa sono i cookie? I cookie sono piccoli file di testo che vengono memorizzati sul tuo computer dai siti web che visiti. Sono ampiamente utilizzati per garantire il funzionamento dei siti web, o per renderli pi\u00f9 efficienti, nonch\u00e9 per fornire informazioni ai proprietari dei [&hellip;]<\/p>\n","protected":false},"author":1,"featured_media":0,"parent":0,"menu_order":0,"comment_status":"closed","ping_status":"closed","template":"","meta":{"footnotes":""},"class_list":["post-4943","page","type-page","status-publish","hentry"],"yoast_head":"<!-- This site is optimized with the Yoast SEO plugin v26.9 - https:\/\/yoast.com\/product\/yoast-seo-wordpress\/ -->\n<title>Politica sui cookie | Les Notaires Unis - Gen\u00e8ve<\/title>\n<meta name=\"robots\" content=\"index, follow, max-snippet:-1, max-image-preview:large, max-video-preview:-1\" \/>\n<link rel=\"canonical\" href=\"https:\/\/www.lesnotairesunis.ch\/it\/politica-sui-cookie\/\" \/>\n<meta property=\"og:locale\" content=\"it_IT\" \/>\n<meta property=\"og:type\" content=\"article\" \/>\n<meta property=\"og:title\" content=\"Politica sui cookie | Les Notaires Unis - Gen\u00e8ve\" \/>\n<meta property=\"og:description\" content=\"[vc_row][vc_column][vc_column_text css=&#8221;&#8221;] Informativa sui cookie Aggiornato il 26 febbraio 2025. &nbsp; Cosa sono i cookie? I cookie sono piccoli file di testo che vengono memorizzati sul tuo computer dai siti web che visiti. Sono ampiamente utilizzati per garantire il funzionamento dei siti web, o per renderli pi\u00f9 efficienti, nonch\u00e9 per fornire informazioni ai proprietari dei [&hellip;]\" \/>\n<meta property=\"og:url\" content=\"https:\/\/www.lesnotairesunis.ch\/it\/politica-sui-cookie\/\" \/>\n<meta property=\"og:site_name\" content=\"Les Notaires Unis - Gen\u00e8ve\" \/>\n<meta property=\"article:modified_time\" content=\"2026-02-05T10:57:27+00:00\" \/>\n<meta property=\"og:image\" content=\"https:\/\/www.lesnotairesunis.ch\/wp-content\/uploads\/2023\/06\/Les-Notairs-Unis-accueil-3-scaled.jpg\" \/>\n\t<meta property=\"og:image:width\" content=\"2560\" \/>\n\t<meta property=\"og:image:height\" content=\"1707\" \/>\n\t<meta property=\"og:image:type\" content=\"image\/jpeg\" \/>\n<meta name=\"twitter:card\" content=\"summary_large_image\" \/>\n<meta name=\"twitter:label1\" content=\"Tempo di lettura stimato\" \/>\n\t<meta name=\"twitter:data1\" content=\"4 minuti\" \/>\n<script type=\"application\/ld+json\" class=\"yoast-schema-graph\">{\"@context\":\"https:\/\/schema.org\",\"@graph\":[{\"@type\":\"WebPage\",\"@id\":\"https:\/\/www.lesnotairesunis.ch\/it\/politica-sui-cookie\/\",\"url\":\"https:\/\/www.lesnotairesunis.ch\/it\/politica-sui-cookie\/\",\"name\":\"Politica sui cookie | Les Notaires Unis - Gen\u00e8ve\",\"isPartOf\":{\"@id\":\"https:\/\/www.lesnotairesunis.ch\/it\/#website\"},\"datePublished\":\"2025-02-26T13:22:16+00:00\",\"dateModified\":\"2026-02-05T10:57:27+00:00\",\"breadcrumb\":{\"@id\":\"https:\/\/www.lesnotairesunis.ch\/it\/politica-sui-cookie\/#breadcrumb\"},\"inLanguage\":\"it-IT\",\"potentialAction\":[{\"@type\":\"ReadAction\",\"target\":[\"https:\/\/www.lesnotairesunis.ch\/it\/politica-sui-cookie\/\"]}]},{\"@type\":\"BreadcrumbList\",\"@id\":\"https:\/\/www.lesnotairesunis.ch\/it\/politica-sui-cookie\/#breadcrumb\",\"itemListElement\":[{\"@type\":\"ListItem\",\"position\":1,\"name\":\"Accueil\",\"item\":\"https:\/\/www.lesnotairesunis.ch\/it\/\"},{\"@type\":\"ListItem\",\"position\":2,\"name\":\"Politica sui cookie\"}]},{\"@type\":\"WebSite\",\"@id\":\"https:\/\/www.lesnotairesunis.ch\/it\/#website\",\"url\":\"https:\/\/www.lesnotairesunis.ch\/it\/\",\"name\":\"Les Notaires Unis - Gen\u00e8ve\",\"description\":\"\",\"publisher\":{\"@id\":\"https:\/\/www.lesnotairesunis.ch\/it\/#organization\"},\"potentialAction\":[{\"@type\":\"SearchAction\",\"target\":{\"@type\":\"EntryPoint\",\"urlTemplate\":\"https:\/\/www.lesnotairesunis.ch\/it\/?s={search_term_string}\"},\"query-input\":{\"@type\":\"PropertyValueSpecification\",\"valueRequired\":true,\"valueName\":\"search_term_string\"}}],\"inLanguage\":\"it-IT\"},{\"@type\":\"Organization\",\"@id\":\"https:\/\/www.lesnotairesunis.ch\/it\/#organization\",\"name\":\"Les Notaires Unis - Gen\u00e8ve\",\"alternateName\":\"Les Notaires Unis\",\"url\":\"https:\/\/www.lesnotairesunis.ch\/it\/\",\"logo\":{\"@type\":\"ImageObject\",\"inLanguage\":\"it-IT\",\"@id\":\"https:\/\/www.lesnotairesunis.ch\/it\/#\/schema\/logo\/image\/\",\"url\":\"https:\/\/www.lesnotairesunis.ch\/wp-content\/uploads\/2023\/07\/logo-notaires.png\",\"contentUrl\":\"https:\/\/www.lesnotairesunis.ch\/wp-content\/uploads\/2023\/07\/logo-notaires.png\",\"width\":255,\"height\":137,\"caption\":\"Les Notaires Unis - Gen\u00e8ve\"},\"image\":{\"@id\":\"https:\/\/www.lesnotairesunis.ch\/it\/#\/schema\/logo\/image\/\"}}]}<\/script>\n<!-- \/ Yoast SEO plugin. -->","yoast_head_json":{"title":"Politica sui cookie | Les Notaires Unis - Gen\u00e8ve","robots":{"index":"index","follow":"follow","max-snippet":"max-snippet:-1","max-image-preview":"max-image-preview:large","max-video-preview":"max-video-preview:-1"},"canonical":"https:\/\/www.lesnotairesunis.ch\/it\/politica-sui-cookie\/","og_locale":"it_IT","og_type":"article","og_title":"Politica sui cookie | Les Notaires Unis - Gen\u00e8ve","og_description":"[vc_row][vc_column][vc_column_text css=&#8221;&#8221;] Informativa sui cookie Aggiornato il 26 febbraio 2025. &nbsp; Cosa sono i cookie? I cookie sono piccoli file di testo che vengono memorizzati sul tuo computer dai siti web che visiti. Sono ampiamente utilizzati per garantire il funzionamento dei siti web, o per renderli pi\u00f9 efficienti, nonch\u00e9 per fornire informazioni ai proprietari dei [&hellip;]","og_url":"https:\/\/www.lesnotairesunis.ch\/it\/politica-sui-cookie\/","og_site_name":"Les Notaires Unis - Gen\u00e8ve","article_modified_time":"2026-02-05T10:57:27+00:00","og_image":[{"width":2560,"height":1707,"url":"https:\/\/www.lesnotairesunis.ch\/wp-content\/uploads\/2023\/06\/Les-Notairs-Unis-accueil-3-scaled.jpg","type":"image\/jpeg"}],"twitter_card":"summary_large_image","twitter_misc":{"Tempo di lettura stimato":"4 minuti"},"schema":{"@context":"https:\/\/schema.org","@graph":[{"@type":"WebPage","@id":"https:\/\/www.lesnotairesunis.ch\/it\/politica-sui-cookie\/","url":"https:\/\/www.lesnotairesunis.ch\/it\/politica-sui-cookie\/","name":"Politica sui cookie | Les Notaires Unis - Gen\u00e8ve","isPartOf":{"@id":"https:\/\/www.lesnotairesunis.ch\/it\/#website"},"datePublished":"2025-02-26T13:22:16+00:00","dateModified":"2026-02-05T10:57:27+00:00","breadcrumb":{"@id":"https:\/\/www.lesnotairesunis.ch\/it\/politica-sui-cookie\/#breadcrumb"},"inLanguage":"it-IT","potentialAction":[{"@type":"ReadAction","target":["https:\/\/www.lesnotairesunis.ch\/it\/politica-sui-cookie\/"]}]},{"@type":"BreadcrumbList","@id":"https:\/\/www.lesnotairesunis.ch\/it\/politica-sui-cookie\/#breadcrumb","itemListElement":[{"@type":"ListItem","position":1,"name":"Accueil","item":"https:\/\/www.lesnotairesunis.ch\/it\/"},{"@type":"ListItem","position":2,"name":"Politica sui cookie"}]},{"@type":"WebSite","@id":"https:\/\/www.lesnotairesunis.ch\/it\/#website","url":"https:\/\/www.lesnotairesunis.ch\/it\/","name":"Les Notaires Unis - Gen\u00e8ve","description":"","publisher":{"@id":"https:\/\/www.lesnotairesunis.ch\/it\/#organization"},"potentialAction":[{"@type":"SearchAction","target":{"@type":"EntryPoint","urlTemplate":"https:\/\/www.lesnotairesunis.ch\/it\/?s={search_term_string}"},"query-input":{"@type":"PropertyValueSpecification","valueRequired":true,"valueName":"search_term_string"}}],"inLanguage":"it-IT"},{"@type":"Organization","@id":"https:\/\/www.lesnotairesunis.ch\/it\/#organization","name":"Les Notaires Unis - Gen\u00e8ve","alternateName":"Les Notaires Unis","url":"https:\/\/www.lesnotairesunis.ch\/it\/","logo":{"@type":"ImageObject","inLanguage":"it-IT","@id":"https:\/\/www.lesnotairesunis.ch\/it\/#\/schema\/logo\/image\/","url":"https:\/\/www.lesnotairesunis.ch\/wp-content\/uploads\/2023\/07\/logo-notaires.png","contentUrl":"https:\/\/www.lesnotairesunis.ch\/wp-content\/uploads\/2023\/07\/logo-notaires.png","width":255,"height":137,"caption":"Les Notaires Unis - Gen\u00e8ve"},"image":{"@id":"https:\/\/www.lesnotairesunis.ch\/it\/#\/schema\/logo\/image\/"}}]}},"_links":{"self":[{"href":"https:\/\/www.lesnotairesunis.ch\/it\/wp-json\/wp\/v2\/pages\/4943","targetHints":{"allow":["GET"]}}],"collection":[{"href":"https:\/\/www.lesnotairesunis.ch\/it\/wp-json\/wp\/v2\/pages"}],"about":[{"href":"https:\/\/www.lesnotairesunis.ch\/it\/wp-json\/wp\/v2\/types\/page"}],"author":[{"embeddable":true,"href":"https:\/\/www.lesnotairesunis.ch\/it\/wp-json\/wp\/v2\/users\/1"}],"replies":[{"embeddable":true,"href":"https:\/\/www.lesnotairesunis.ch\/it\/wp-json\/wp\/v2\/comments?post=4943"}],"version-history":[{"count":2,"href":"https:\/\/www.lesnotairesunis.ch\/it\/wp-json\/wp\/v2\/pages\/4943\/revisions"}],"predecessor-version":[{"id":4945,"href":"https:\/\/www.lesnotairesunis.ch\/it\/wp-json\/wp\/v2\/pages\/4943\/revisions\/4945"}],"wp:attachment":[{"href":"https:\/\/www.lesnotairesunis.ch\/it\/wp-json\/wp\/v2\/media?parent=4943"}],"curies":[{"name":"wp","href":"https:\/\/api.w.org\/{rel}","templated":true}]}}